{"id":8482,"date":"2020-11-25T10:22:31","date_gmt":"2020-11-25T10:22:31","guid":{"rendered":"http:\/\/www.centaurus.hr\/?page_id=8482"},"modified":"2020-11-25T10:24:05","modified_gmt":"2020-11-25T10:24:05","slug":"seppia","status":"publish","type":"page","link":"https:\/\/www.centaurus.hr\/it\/seppia\/","title":{"rendered":"Seppia"},"content":{"rendered":"\t\t<div data-elementor-type=\"wp-page\" data-elementor-id=\"8482\" class=\"elementor elementor-8482 elementor-5224\" data-elementor-post-type=\"page\">\n\t\t\t\t\t\t<section class=\"elementor-section elementor-top-section elementor-element elementor-element-2bb70c9c elementor-section-stretched elementor-section-content-middle elementor-section-height-min-height elementor-section-boxed elementor-section-height-default elementor-section-items-middle\" data-id=\"2bb70c9c\" data-element_type=\"section\" data-settings=\"{&quot;stretch_section&quot;:&quot;section-stretched&quot;,&quot;background_background&quot;:&quot;classic&quot;,&quot;shape_divider_bottom&quot;:&quot;mountains&quot;}\">\n\t\t\t\t\t\t\t<div class=\"elementor-background-overlay\"><\/div>\n\t\t\t\t\t\t<div class=\"elementor-shape elementor-shape-bottom\" aria-hidden=\"true\" data-negative=\"false\">\n\t\t\t<svg xmlns=\"http:\/\/www.w3.org\/2000\/svg\" viewBox=\"0 0 1000 100\" preserveAspectRatio=\"none\">\n\t<path class=\"elementor-shape-fill\" opacity=\"0.33\" d=\"M473,67.3c-203.9,88.3-263.1-34-320.3,0C66,119.1,0,59.7,0,59.7V0h1000v59.7 c0,0-62.1,26.1-94.9,29.3c-32.8,3.3-62.8-12.3-75.8-22.1C806,49.6,745.3,8.7,694.9,4.7S492.4,59,473,67.3z\"\/>\n\t<path class=\"elementor-shape-fill\" opacity=\"0.66\" d=\"M734,67.3c-45.5,0-77.2-23.2-129.1-39.1c-28.6-8.7-150.3-10.1-254,39.1 s-91.7-34.4-149.2,0C115.7,118.3,0,39.8,0,39.8V0h1000v36.5c0,0-28.2-18.5-92.1-18.5C810.2,18.1,775.7,67.3,734,67.3z\"\/>\n\t<path class=\"elementor-shape-fill\" d=\"M766.1,28.9c-200-57.5-266,65.5-395.1,19.5C242,1.8,242,5.4,184.8,20.6C128,35.8,132.3,44.9,89.9,52.5C28.6,63.7,0,0,0,0 h1000c0,0-9.9,40.9-83.6,48.1S829.6,47,766.1,28.9z\"\/>\n<\/svg>\t\t<\/div>\n\t\t\t\t\t<div class=\"elementor-container elementor-column-gap-default\">\n\t\t\t\t\t<div class=\"elementor-column elementor-col-50 elementor-top-column elementor-element elementor-element-79004d95\" data-id=\"79004d95\" data-element_type=\"column\">\n\t\t\t<div class=\"elementor-widget-wrap elementor-element-populated\">\n\t\t\t\t\t\t<div class=\"elementor-element elementor-element-62b70a83 elementor-widget elementor-widget-image\" data-id=\"62b70a83\" data-element_type=\"widget\" data-widget_type=\"image.default\">\n\t\t\t\t<div class=\"elementor-widget-container\">\n\t\t\t\t\t\t\t\t\t\t\t\t\t\t\t<img fetchpriority=\"high\" decoding=\"async\" width=\"907\" height=\"379\" src=\"https:\/\/www.centaurus.hr\/wp-content\/uploads\/2020\/07\/sipa11.png\" class=\"attachment-full size-full wp-image-8485\" alt=\"\" srcset=\"https:\/\/www.centaurus.hr\/wp-content\/uploads\/2020\/07\/sipa11.png 907w, https:\/\/www.centaurus.hr\/wp-content\/uploads\/2020\/07\/sipa11-300x125.png 300w, https:\/\/www.centaurus.hr\/wp-content\/uploads\/2020\/07\/sipa11-768x321.png 768w, https:\/\/www.centaurus.hr\/wp-content\/uploads\/2020\/07\/sipa11-600x251.png 600w\" sizes=\"(max-width: 907px) 100vw, 907px\" \/>\t\t\t\t\t\t\t\t\t\t\t\t\t\t\t<\/div>\n\t\t\t\t<\/div>\n\t\t\t\t\t<\/div>\n\t\t<\/div>\n\t\t\t\t<div class=\"elementor-column elementor-col-50 elementor-top-column elementor-element elementor-element-aa9d50f\" data-id=\"aa9d50f\" data-element_type=\"column\">\n\t\t\t<div class=\"elementor-widget-wrap elementor-element-populated\">\n\t\t\t\t\t\t<div class=\"elementor-element elementor-element-55dc85eb elementor-widget elementor-widget-heading\" data-id=\"55dc85eb\" data-element_type=\"widget\" data-widget_type=\"heading.default\">\n\t\t\t\t<div class=\"elementor-widget-container\">\n\t\t\t\t\t<h2 class=\"elementor-heading-title elementor-size-default\">Seppia<\/h2>\t\t\t\t<\/div>\n\t\t\t\t<\/div>\n\t\t\t\t<div class=\"elementor-element elementor-element-1cb91d18 elementor-widget elementor-widget-heading\" data-id=\"1cb91d18\" data-element_type=\"widget\" data-widget_type=\"heading.default\">\n\t\t\t\t<div class=\"elementor-widget-container\">\n\t\t\t\t\t<h2 class=\"elementor-heading-title elementor-size-default\">lat. Sepia officinalis\n<\/h2>\t\t\t\t<\/div>\n\t\t\t\t<\/div>\n\t\t\t\t\t<\/div>\n\t\t<\/div>\n\t\t\t\t\t<\/div>\n\t\t<\/section>\n\t\t\t\t<section class=\"elementor-section elementor-top-section elementor-element elementor-element-4cf2179 elementor-section-stretched elementor-section-content-middle elementor-section-boxed elementor-section-height-default elementor-section-height-default\" data-id=\"4cf2179\" data-element_type=\"section\" data-settings=\"{&quot;background_background&quot;:&quot;gradient&quot;,&quot;stretch_section&quot;:&quot;section-stretched&quot;,&quot;shape_divider_bottom&quot;:&quot;mountains&quot;}\">\n\t\t\t\t\t\t\t<div class=\"elementor-background-overlay\"><\/div>\n\t\t\t\t\t\t<div class=\"elementor-shape elementor-shape-bottom\" aria-hidden=\"true\" data-negative=\"false\">\n\t\t\t<svg xmlns=\"http:\/\/www.w3.org\/2000\/svg\" viewBox=\"0 0 1000 100\" preserveAspectRatio=\"none\">\n\t<path class=\"elementor-shape-fill\" opacity=\"0.33\" d=\"M473,67.3c-203.9,88.3-263.1-34-320.3,0C66,119.1,0,59.7,0,59.7V0h1000v59.7 c0,0-62.1,26.1-94.9,29.3c-32.8,3.3-62.8-12.3-75.8-22.1C806,49.6,745.3,8.7,694.9,4.7S492.4,59,473,67.3z\"\/>\n\t<path class=\"elementor-shape-fill\" opacity=\"0.66\" d=\"M734,67.3c-45.5,0-77.2-23.2-129.1-39.1c-28.6-8.7-150.3-10.1-254,39.1 s-91.7-34.4-149.2,0C115.7,118.3,0,39.8,0,39.8V0h1000v36.5c0,0-28.2-18.5-92.1-18.5C810.2,18.1,775.7,67.3,734,67.3z\"\/>\n\t<path class=\"elementor-shape-fill\" d=\"M766.1,28.9c-200-57.5-266,65.5-395.1,19.5C242,1.8,242,5.4,184.8,20.6C128,35.8,132.3,44.9,89.9,52.5C28.6,63.7,0,0,0,0 h1000c0,0-9.9,40.9-83.6,48.1S829.6,47,766.1,28.9z\"\/>\n<\/svg>\t\t<\/div>\n\t\t\t\t\t<div class=\"elementor-container elementor-column-gap-default\">\n\t\t\t\t\t<div class=\"elementor-column elementor-col-50 elementor-top-column elementor-element elementor-element-76af23e3\" data-id=\"76af23e3\" data-element_type=\"column\">\n\t\t\t<div class=\"elementor-widget-wrap elementor-element-populated\">\n\t\t\t\t\t\t<div class=\"elementor-element elementor-element-70faf9b3 elementor-hidden-phone elementor-widget elementor-widget-heading\" data-id=\"70faf9b3\" data-element_type=\"widget\" data-widget_type=\"heading.default\">\n\t\t\t\t<div class=\"elementor-widget-container\">\n\t\t\t\t\t<h2 class=\"elementor-heading-title elementor-size-default\">Seppia<\/h2>\t\t\t\t<\/div>\n\t\t\t\t<\/div>\n\t\t\t\t<div class=\"elementor-element elementor-element-2dedac24 elementor-widget elementor-widget-text-editor\" data-id=\"2dedac24\" data-element_type=\"widget\" data-widget_type=\"text-editor.default\">\n\t\t\t\t<div class=\"elementor-widget-container\">\n\t\t\t\t\t\t\t\t\t<p>La nostra seppia comune (Sepia officinalis) cresce fino a 60 cm e raggiunge un peso di poco superiore ai 3 kg. Vive nel Mediterraneo e nell&#8217;Atlantico orientale e la sua presenza \u00e8 numerosa in tutti i paesi costieri d&#8217;Europa. Le seppie sono sempre state creature mistiche a causa del loro aspetto un po strano e, a parte i calamari, nessun&#8217;altra creatura le assomiglia. Nessuno in questo mondo \u00e8 simile ai cefalopodi, poich\u00e9 sono un ramo speciale del flusso evolutivo che si \u00e8 terminato con creature insolite.<\/p><p>\u00c8 interessante che le seppie hanno perfino tre cuori, ognuno dei quali ha il proprio ruolo. Due sono usati per portare l&#8217;ossigeno dalle branchie, mentre il terzo \u00e8 usato per fornire sangue al tessuto. Il suo sangue non contiene emoglobina ma emocianina, che utilizza proteine a base di rame. Ecco perch\u00e9 il suo sangue \u00e8 di colore blu e non rosso come nella maggior parte delle altre creature (questo ovviamente vale anche per gli altri cefalopodi). A causa dell&#8217;uso della proteina di rame nel sangue invece del ferro, il suo sangue deve circolare pi\u00f9 velocemente per compensare lo scarso legame dell&#8217;ossigeno alla proteina &#8220;rame&#8221;.<\/p>\t\t\t\t\t\t\t\t<\/div>\n\t\t\t\t<\/div>\n\t\t\t\t\t<\/div>\n\t\t<\/div>\n\t\t\t\t<div class=\"elementor-column elementor-col-50 elementor-top-column elementor-element elementor-element-179408bc\" data-id=\"179408bc\" data-element_type=\"column\">\n\t\t\t<div class=\"elementor-widget-wrap elementor-element-populated\">\n\t\t\t\t\t\t<div class=\"elementor-element elementor-element-55917b elementor-widget elementor-widget-text-editor\" data-id=\"55917b\" data-element_type=\"widget\" data-widget_type=\"text-editor.default\">\n\t\t\t\t<div class=\"elementor-widget-container\">\n\t\t\t\t\t\t\t\t\t<p><strong>Valore energetico e nutritivo<\/strong><\/p><p>Il valore energetico di 100 g di seppie fresche \u00e8 di 72 kca l\/301 kj di cui contiene lo 0,8% di carboidrati, l&#8217;1,4% di grassi e il 14% di proteine.<\/p><p>Come altri frutti di mare, la seppia \u00e8 ricca di vitamine del gruppo B e alcune altre. Contiene: vitamina A, C, niacina, riboflavina, B6, B12 e acido folico. La sua ricchezza influenza la composizione minerale di questo mal di testa da latte: calcio e magnesio, ferro, fosforo, potassio, sodio, zinco, rame, manganese e selenio.<\/p><p>Le seppie contengono anche preziosi grassi insaturi, come gli acidi grassi eicosapentaenoico (EPA) e docosaesaenoico (DHA). Queste sostanze svolgono un ruolo importante nel ridurre il rischio di malattie cardiache normalizzando l&#8217;ipertensione, riducendo i trigliceridi nel sangue, prevenendo la coagulazione del sangue e l&#8217;ostruzione delle arterie.<\/p>\t\t\t\t\t\t\t\t<\/div>\n\t\t\t\t<\/div>\n\t\t\t\t\t<\/div>\n\t\t<\/div>\n\t\t\t\t\t<\/div>\n\t\t<\/section>\n\t\t\t\t<section class=\"elementor-section elementor-top-section elementor-element elementor-element-40df5488 elementor-section-content-middle elementor-section-boxed elementor-section-height-default elementor-section-height-default\" data-id=\"40df5488\" data-element_type=\"section\" data-settings=\"{&quot;background_background&quot;:&quot;classic&quot;}\">\n\t\t\t\t\t\t<div class=\"elementor-container elementor-column-gap-default\">\n\t\t\t\t\t<div class=\"elementor-column elementor-col-100 elementor-top-column elementor-element elementor-element-6b6c7b1b\" data-id=\"6b6c7b1b\" data-element_type=\"column\">\n\t\t\t<div class=\"elementor-widget-wrap elementor-element-populated\">\n\t\t\t\t\t\t<div class=\"elementor-element elementor-element-200e9031 elementor-widget elementor-widget-image-carousel\" data-id=\"200e9031\" data-element_type=\"widget\" data-settings=\"{&quot;slides_to_show&quot;:&quot;4&quot;,&quot;navigation&quot;:&quot;none&quot;,&quot;image_spacing_custom&quot;:{&quot;unit&quot;:&quot;px&quot;,&quot;size&quot;:12,&quot;sizes&quot;:[]},&quot;autoplay&quot;:&quot;yes&quot;,&quot;pause_on_hover&quot;:&quot;yes&quot;,&quot;pause_on_interaction&quot;:&quot;yes&quot;,&quot;autoplay_speed&quot;:5000,&quot;infinite&quot;:&quot;yes&quot;,&quot;speed&quot;:500,&quot;image_spacing_custom_tablet&quot;:{&quot;unit&quot;:&quot;px&quot;,&quot;size&quot;:&quot;&quot;,&quot;sizes&quot;:[]},&quot;image_spacing_custom_mobile&quot;:{&quot;unit&quot;:&quot;px&quot;,&quot;size&quot;:&quot;&quot;,&quot;sizes&quot;:[]}}\" data-widget_type=\"image-carousel.default\">\n\t\t\t\t<div class=\"elementor-widget-container\">\n\t\t\t\t\t\t\t<div class=\"elementor-image-carousel-wrapper swiper\" role=\"region\" aria-roledescription=\"carousel\" aria-label=\"Carosello d&#039;immagini\" dir=\"ltr\">\n\t\t\t<div class=\"elementor-image-carousel swiper-wrapper\" aria-live=\"off\">\n\t\t\t\t\t\t\t\t<div class=\"swiper-slide\" role=\"group\" aria-roledescription=\"slide\" aria-label=\"1 di 6\"><a data-elementor-open-lightbox=\"yes\" data-elementor-lightbox-slideshow=\"200e9031\" data-elementor-lightbox-title=\"sipa-cenaturus-2\" data-e-action-hash=\"#elementor-action%3Aaction%3Dlightbox%26settings%3DeyJpZCI6NTg0MiwidXJsIjoiaHR0cHM6XC9cL3d3dy5jZW50YXVydXMuaHJcL3dwLWNvbnRlbnRcL3VwbG9hZHNcLzIwMjBcLzA3XC9zaXBhLWNlbmF0dXJ1cy0yLmpwZyIsInNsaWRlc2hvdyI6IjIwMGU5MDMxIn0%3D\" href=\"https:\/\/www.centaurus.hr\/wp-content\/uploads\/2020\/07\/sipa-cenaturus-2.jpg\"><figure class=\"swiper-slide-inner\"><img decoding=\"async\" class=\"swiper-slide-image\" src=\"https:\/\/www.centaurus.hr\/wp-content\/uploads\/2020\/07\/sipa-cenaturus-2.jpg\" alt=\"sipa-cenaturus-2\" \/><\/figure><\/a><\/div><div class=\"swiper-slide\" role=\"group\" aria-roledescription=\"slide\" aria-label=\"2 di 6\"><a data-elementor-open-lightbox=\"yes\" data-elementor-lightbox-slideshow=\"200e9031\" data-elementor-lightbox-title=\"rizoto-od-sipe-centaurus\" data-e-action-hash=\"#elementor-action%3Aaction%3Dlightbox%26settings%3DeyJpZCI6NTg0MSwidXJsIjoiaHR0cHM6XC9cL3d3dy5jZW50YXVydXMuaHJcL3dwLWNvbnRlbnRcL3VwbG9hZHNcLzIwMjBcLzA3XC9yaXpvdG8tb2Qtc2lwZS1jZW50YXVydXMuanBnIiwic2xpZGVzaG93IjoiMjAwZTkwMzEifQ%3D%3D\" href=\"https:\/\/www.centaurus.hr\/wp-content\/uploads\/2020\/07\/rizoto-od-sipe-centaurus.jpg\"><figure class=\"swiper-slide-inner\"><img decoding=\"async\" class=\"swiper-slide-image\" src=\"https:\/\/www.centaurus.hr\/wp-content\/uploads\/2020\/07\/rizoto-od-sipe-centaurus.jpg\" alt=\"rizoto-od-sipe-centaurus\" \/><\/figure><\/a><\/div><div class=\"swiper-slide\" role=\"group\" aria-roledescription=\"slide\" aria-label=\"3 di 6\"><a data-elementor-open-lightbox=\"yes\" data-elementor-lightbox-slideshow=\"200e9031\" data-elementor-lightbox-title=\"Centaurus sipa\" data-e-action-hash=\"#elementor-action%3Aaction%3Dlightbox%26settings%3DeyJpZCI6NTQ0MCwidXJsIjoiaHR0cHM6XC9cL3d3dy5jZW50YXVydXMuaHJcL3dwLWNvbnRlbnRcL3VwbG9hZHNcLzIwMjBcLzA3XC9jZW50YXVydXMtc2lwYS0yLmpwZyIsInNsaWRlc2hvdyI6IjIwMGU5MDMxIn0%3D\" href=\"https:\/\/www.centaurus.hr\/wp-content\/uploads\/2020\/07\/centaurus-sipa-2.jpg\"><figure class=\"swiper-slide-inner\"><img decoding=\"async\" class=\"swiper-slide-image\" src=\"https:\/\/www.centaurus.hr\/wp-content\/uploads\/2020\/07\/centaurus-sipa-2.jpg\" alt=\"Centaurus - svje\u017ea i smrznuta riba - sipa\" \/><\/figure><\/a><\/div><div class=\"swiper-slide\" role=\"group\" aria-roledescription=\"slide\" aria-label=\"4 di 6\"><a data-elementor-open-lightbox=\"yes\" data-elementor-lightbox-slideshow=\"200e9031\" data-elementor-lightbox-title=\"Centaurus sipa\" data-e-action-hash=\"#elementor-action%3Aaction%3Dlightbox%26settings%3DeyJpZCI6NTQzOSwidXJsIjoiaHR0cHM6XC9cL3d3dy5jZW50YXVydXMuaHJcL3dwLWNvbnRlbnRcL3VwbG9hZHNcLzIwMjBcLzA3XC9DZW50YXVydXMtc2lwYS0xLmpwZyIsInNsaWRlc2hvdyI6IjIwMGU5MDMxIn0%3D\" href=\"https:\/\/www.centaurus.hr\/wp-content\/uploads\/2020\/07\/Centaurus-sipa-1.jpg\"><figure class=\"swiper-slide-inner\"><img decoding=\"async\" class=\"swiper-slide-image\" src=\"https:\/\/www.centaurus.hr\/wp-content\/uploads\/2020\/07\/Centaurus-sipa-1.jpg\" alt=\"Centaurus - svje\u017ea i smrznuta riba - sipa\" \/><\/figure><\/a><\/div><div class=\"swiper-slide\" role=\"group\" aria-roledescription=\"slide\" aria-label=\"5 di 6\"><a data-elementor-open-lightbox=\"yes\" data-elementor-lightbox-slideshow=\"200e9031\" data-elementor-lightbox-title=\"Centaurus sipa\" data-e-action-hash=\"#elementor-action%3Aaction%3Dlightbox%26settings%3DeyJpZCI6NTQ0MSwidXJsIjoiaHR0cHM6XC9cL3d3dy5jZW50YXVydXMuaHJcL3dwLWNvbnRlbnRcL3VwbG9hZHNcLzIwMjBcLzA3XC9jZW50YXVydXMtc2lwYS0zLmpwZyIsInNsaWRlc2hvdyI6IjIwMGU5MDMxIn0%3D\" href=\"https:\/\/www.centaurus.hr\/wp-content\/uploads\/2020\/07\/centaurus-sipa-3.jpg\"><figure class=\"swiper-slide-inner\"><img decoding=\"async\" class=\"swiper-slide-image\" src=\"https:\/\/www.centaurus.hr\/wp-content\/uploads\/2020\/07\/centaurus-sipa-3.jpg\" alt=\"Centaurus - svje\u017ea i smrznuta riba - sipa\" \/><\/figure><\/a><\/div><div class=\"swiper-slide\" role=\"group\" aria-roledescription=\"slide\" aria-label=\"6 di 6\"><a data-elementor-open-lightbox=\"yes\" data-elementor-lightbox-slideshow=\"200e9031\" data-elementor-lightbox-title=\"Centaurus sipa\" data-e-action-hash=\"#elementor-action%3Aaction%3Dlightbox%26settings%3DeyJpZCI6NTQ0MywidXJsIjoiaHR0cHM6XC9cL3d3dy5jZW50YXVydXMuaHJcL3dwLWNvbnRlbnRcL3VwbG9hZHNcLzIwMjBcLzA3XC9jZW50YXVydXMtc2lwYS00LmpwZyIsInNsaWRlc2hvdyI6IjIwMGU5MDMxIn0%3D\" href=\"https:\/\/www.centaurus.hr\/wp-content\/uploads\/2020\/07\/centaurus-sipa-4.jpg\"><figure class=\"swiper-slide-inner\"><img decoding=\"async\" class=\"swiper-slide-image\" src=\"https:\/\/www.centaurus.hr\/wp-content\/uploads\/2020\/07\/centaurus-sipa-4.jpg\" alt=\"Centaurus - svje\u017ea i smrznuta riba - sipa\" \/><\/figure><\/a><\/div>\t\t\t<\/div>\n\t\t\t\t\t\t\t\n\t\t\t\t\t\t\t\t\t<\/div>\n\t\t\t\t\t\t<\/div>\n\t\t\t\t<\/div>\n\t\t\t\t\t<\/div>\n\t\t<\/div>\n\t\t\t\t\t<\/div>\n\t\t<\/section>\n\t\t\t\t<\/div>\n\t\t","protected":false},"excerpt":{"rendered":"<p>Seppia lat. Sepia officinalis Seppia La nostra seppia comune (Sepia officinalis) cresce fino a 60 cm e raggiunge un peso di poco superiore ai 3 kg. Vive nel Mediterraneo e nell&#8217;Atlantico orientale e la sua presenza \u00e8 numerosa in tutti i paesi costieri d&#8217;Europa. Le seppie sono sempre state creature mistiche a causa del loro [&hellip;]<\/p>\n","protected":false},"author":9,"featured_media":0,"parent":0,"menu_order":0,"comment_status":"closed","ping_status":"closed","template":"","meta":{"site-sidebar-layout":"no-sidebar","site-content-layout":"page-builder","ast-site-content-layout":"default","site-content-style":"default","site-sidebar-style":"default","ast-global-header-display":"","ast-banner-title-visibility":"","ast-main-header-display":"","ast-hfb-above-header-display":"","ast-hfb-below-header-display":"","ast-hfb-mobile-header-display":"","site-post-title":"disabled","ast-breadcrumbs-content":"","ast-featured-img":"disabled","footer-sml-layout":"","ast-disable-related-posts":"","theme-transparent-header-meta":"default","adv-header-id-meta":"","stick-header-meta":"default","header-above-stick-meta":"","header-main-stick-meta":"","header-below-stick-meta":"","astra-migrate-meta-layouts":"default","ast-page-background-enabled":"default","ast-page-background-meta":{"desktop":{"background-color":"","background-image":"","background-repeat":"repeat","background-position":"center center","background-size":"auto","background-attachment":"scroll","background-type":"","background-media":"","overlay-type":"","overlay-color":"","overlay-opacity":"","overlay-gradient":""},"tablet":{"background-color":"","background-image":"","background-repeat":"repeat","background-position":"center center","background-size":"auto","background-attachment":"scroll","background-type":"","background-media":"","overlay-type":"","overlay-color":"","overlay-opacity":"","overlay-gradient":""},"mobile":{"background-color":"","background-image":"","background-repeat":"repeat","background-position":"center center","background-size":"auto","background-attachment":"scroll","background-type":"","background-media":"","overlay-type":"","overlay-color":"","overlay-opacity":"","overlay-gradient":""}},"ast-content-background-meta":{"desktop":{"background-color":"var(--ast-global-color-5)","background-image":"","background-repeat":"repeat","background-position":"center center","background-size":"auto","background-attachment":"scroll","background-type":"","background-media":"","overlay-type":"","overlay-color":"","overlay-opacity":"","overlay-gradient":""},"tablet":{"background-color":"var(--ast-global-color-5)","background-image":"","background-repeat":"repeat","background-position":"center center","background-size":"auto","background-attachment":"scroll","background-type":"","background-media":"","overlay-type":"","overlay-color":"","overlay-opacity":"","overlay-gradient":""},"mobile":{"background-color":"var(--ast-global-color-5)","background-image":"","background-repeat":"repeat","background-position":"center center","background-size":"auto","background-attachment":"scroll","background-type":"","background-media":"","overlay-type":"","overlay-color":"","overlay-opacity":"","overlay-gradient":""}},"footnotes":""},"class_list":["post-8482","page","type-page","status-publish","hentry"],"aioseo_notices":[],"_links":{"self":[{"href":"https:\/\/www.centaurus.hr\/it\/wp-json\/wp\/v2\/pages\/8482","targetHints":{"allow":["GET"]}}],"collection":[{"href":"https:\/\/www.centaurus.hr\/it\/wp-json\/wp\/v2\/pages"}],"about":[{"href":"https:\/\/www.centaurus.hr\/it\/wp-json\/wp\/v2\/types\/page"}],"author":[{"embeddable":true,"href":"https:\/\/www.centaurus.hr\/it\/wp-json\/wp\/v2\/users\/9"}],"replies":[{"embeddable":true,"href":"https:\/\/www.centaurus.hr\/it\/wp-json\/wp\/v2\/comments?post=8482"}],"version-history":[{"count":0,"href":"https:\/\/www.centaurus.hr\/it\/wp-json\/wp\/v2\/pages\/8482\/revisions"}],"wp:attachment":[{"href":"https:\/\/www.centaurus.hr\/it\/wp-json\/wp\/v2\/media?parent=8482"}],"curies":[{"name":"wp","href":"https:\/\/api.w.org\/{rel}","templated":true}]}}