{"id":8456,"date":"2020-11-25T10:15:44","date_gmt":"2020-11-25T10:15:44","guid":{"rendered":"http:\/\/www.centaurus.hr\/?page_id=8456"},"modified":"2020-11-25T10:17:35","modified_gmt":"2020-11-25T10:17:35","slug":"razza","status":"publish","type":"page","link":"https:\/\/www.centaurus.hr\/it\/razza\/","title":{"rendered":"Razza"},"content":{"rendered":"\t\t<div data-elementor-type=\"wp-page\" data-elementor-id=\"8456\" class=\"elementor elementor-8456 elementor-6552\" data-elementor-post-type=\"page\">\n\t\t\t\t\t\t<section class=\"elementor-section elementor-top-section elementor-element elementor-element-600371d1 elementor-section-stretched elementor-section-content-middle elementor-section-height-min-height elementor-section-boxed elementor-section-height-default elementor-section-items-middle\" data-id=\"600371d1\" data-element_type=\"section\" data-settings=\"{&quot;stretch_section&quot;:&quot;section-stretched&quot;,&quot;background_background&quot;:&quot;classic&quot;,&quot;shape_divider_bottom&quot;:&quot;mountains&quot;}\">\n\t\t\t\t\t\t\t<div class=\"elementor-background-overlay\"><\/div>\n\t\t\t\t\t\t<div class=\"elementor-shape elementor-shape-bottom\" aria-hidden=\"true\" data-negative=\"false\">\n\t\t\t<svg xmlns=\"http:\/\/www.w3.org\/2000\/svg\" viewBox=\"0 0 1000 100\" preserveAspectRatio=\"none\">\n\t<path class=\"elementor-shape-fill\" opacity=\"0.33\" d=\"M473,67.3c-203.9,88.3-263.1-34-320.3,0C66,119.1,0,59.7,0,59.7V0h1000v59.7 c0,0-62.1,26.1-94.9,29.3c-32.8,3.3-62.8-12.3-75.8-22.1C806,49.6,745.3,8.7,694.9,4.7S492.4,59,473,67.3z\"\/>\n\t<path class=\"elementor-shape-fill\" opacity=\"0.66\" d=\"M734,67.3c-45.5,0-77.2-23.2-129.1-39.1c-28.6-8.7-150.3-10.1-254,39.1 s-91.7-34.4-149.2,0C115.7,118.3,0,39.8,0,39.8V0h1000v36.5c0,0-28.2-18.5-92.1-18.5C810.2,18.1,775.7,67.3,734,67.3z\"\/>\n\t<path class=\"elementor-shape-fill\" d=\"M766.1,28.9c-200-57.5-266,65.5-395.1,19.5C242,1.8,242,5.4,184.8,20.6C128,35.8,132.3,44.9,89.9,52.5C28.6,63.7,0,0,0,0 h1000c0,0-9.9,40.9-83.6,48.1S829.6,47,766.1,28.9z\"\/>\n<\/svg>\t\t<\/div>\n\t\t\t\t\t<div class=\"elementor-container elementor-column-gap-default\">\n\t\t\t\t\t<div class=\"elementor-column elementor-col-50 elementor-top-column elementor-element elementor-element-1865fd07\" data-id=\"1865fd07\" data-element_type=\"column\">\n\t\t\t<div class=\"elementor-widget-wrap elementor-element-populated\">\n\t\t\t\t\t\t<div class=\"elementor-element elementor-element-d30201f elementor-widget elementor-widget-image\" data-id=\"d30201f\" data-element_type=\"widget\" data-widget_type=\"image.default\">\n\t\t\t\t<div class=\"elementor-widget-container\">\n\t\t\t\t\t\t\t\t\t\t\t\t\t\t\t<img fetchpriority=\"high\" decoding=\"async\" width=\"668\" height=\"498\" src=\"https:\/\/www.centaurus.hr\/wp-content\/uploads\/2020\/08\/raza.png\" class=\"attachment-full size-full wp-image-8458\" alt=\"\" srcset=\"https:\/\/www.centaurus.hr\/wp-content\/uploads\/2020\/08\/raza.png 668w, https:\/\/www.centaurus.hr\/wp-content\/uploads\/2020\/08\/raza-300x224.png 300w, https:\/\/www.centaurus.hr\/wp-content\/uploads\/2020\/08\/raza-600x447.png 600w\" sizes=\"(max-width: 668px) 100vw, 668px\" \/>\t\t\t\t\t\t\t\t\t\t\t\t\t\t\t<\/div>\n\t\t\t\t<\/div>\n\t\t\t\t\t<\/div>\n\t\t<\/div>\n\t\t\t\t<div class=\"elementor-column elementor-col-50 elementor-top-column elementor-element elementor-element-5c7e1377\" data-id=\"5c7e1377\" data-element_type=\"column\">\n\t\t\t<div class=\"elementor-widget-wrap elementor-element-populated\">\n\t\t\t\t\t\t<div class=\"elementor-element elementor-element-4fc4abb4 elementor-widget elementor-widget-heading\" data-id=\"4fc4abb4\" data-element_type=\"widget\" data-widget_type=\"heading.default\">\n\t\t\t\t<div class=\"elementor-widget-container\">\n\t\t\t\t\t<h2 class=\"elementor-heading-title elementor-size-default\">Razza<\/h2>\t\t\t\t<\/div>\n\t\t\t\t<\/div>\n\t\t\t\t<div class=\"elementor-element elementor-element-198e80d3 elementor-widget elementor-widget-heading\" data-id=\"198e80d3\" data-element_type=\"widget\" data-widget_type=\"heading.default\">\n\t\t\t\t<div class=\"elementor-widget-container\">\n\t\t\t\t\t<h2 class=\"elementor-heading-title elementor-size-default\">lat. Rajiformes<\/h2>\t\t\t\t<\/div>\n\t\t\t\t<\/div>\n\t\t\t\t\t<\/div>\n\t\t<\/div>\n\t\t\t\t\t<\/div>\n\t\t<\/section>\n\t\t\t\t<section class=\"elementor-section elementor-top-section elementor-element elementor-element-5aaf0f36 elementor-section-stretched elementor-section-content-middle elementor-section-boxed elementor-section-height-default elementor-section-height-default\" data-id=\"5aaf0f36\" data-element_type=\"section\" data-settings=\"{&quot;background_background&quot;:&quot;gradient&quot;,&quot;stretch_section&quot;:&quot;section-stretched&quot;,&quot;shape_divider_bottom&quot;:&quot;mountains&quot;}\">\n\t\t\t\t\t\t\t<div class=\"elementor-background-overlay\"><\/div>\n\t\t\t\t\t\t<div class=\"elementor-shape elementor-shape-bottom\" aria-hidden=\"true\" data-negative=\"false\">\n\t\t\t<svg xmlns=\"http:\/\/www.w3.org\/2000\/svg\" viewBox=\"0 0 1000 100\" preserveAspectRatio=\"none\">\n\t<path class=\"elementor-shape-fill\" opacity=\"0.33\" d=\"M473,67.3c-203.9,88.3-263.1-34-320.3,0C66,119.1,0,59.7,0,59.7V0h1000v59.7 c0,0-62.1,26.1-94.9,29.3c-32.8,3.3-62.8-12.3-75.8-22.1C806,49.6,745.3,8.7,694.9,4.7S492.4,59,473,67.3z\"\/>\n\t<path class=\"elementor-shape-fill\" opacity=\"0.66\" d=\"M734,67.3c-45.5,0-77.2-23.2-129.1-39.1c-28.6-8.7-150.3-10.1-254,39.1 s-91.7-34.4-149.2,0C115.7,118.3,0,39.8,0,39.8V0h1000v36.5c0,0-28.2-18.5-92.1-18.5C810.2,18.1,775.7,67.3,734,67.3z\"\/>\n\t<path class=\"elementor-shape-fill\" d=\"M766.1,28.9c-200-57.5-266,65.5-395.1,19.5C242,1.8,242,5.4,184.8,20.6C128,35.8,132.3,44.9,89.9,52.5C28.6,63.7,0,0,0,0 h1000c0,0-9.9,40.9-83.6,48.1S829.6,47,766.1,28.9z\"\/>\n<\/svg>\t\t<\/div>\n\t\t\t\t\t<div class=\"elementor-container elementor-column-gap-default\">\n\t\t\t\t\t<div class=\"elementor-column elementor-col-50 elementor-top-column elementor-element elementor-element-77a6ae49\" data-id=\"77a6ae49\" data-element_type=\"column\">\n\t\t\t<div class=\"elementor-widget-wrap elementor-element-populated\">\n\t\t\t\t\t\t<div class=\"elementor-element elementor-element-78d330c7 elementor-hidden-phone elementor-widget elementor-widget-heading\" data-id=\"78d330c7\" data-element_type=\"widget\" data-widget_type=\"heading.default\">\n\t\t\t\t<div class=\"elementor-widget-container\">\n\t\t\t\t\t<h2 class=\"elementor-heading-title elementor-size-default\">Razza<\/h2>\t\t\t\t<\/div>\n\t\t\t\t<\/div>\n\t\t\t\t<div class=\"elementor-element elementor-element-5f941940 elementor-widget elementor-widget-text-editor\" data-id=\"5f941940\" data-element_type=\"widget\" data-widget_type=\"text-editor.default\">\n\t\t\t\t<div class=\"elementor-widget-container\">\n\t\t\t\t\t\t\t\t\t<p>Le razze (Rajiformes) sono condritti, pesci con scheletro cartilagineo, caratterizzati da un corpo molto appiattito in direzione dorso-addominale e pinne pettorali estese che giacciono completamente ai lati del corpo, il che contribuisce a far sembrare il corpo ancora pi\u00f9 ampio. Hanno la forma di una foglia o di un piatto a forma di diamante, quindi sono spesso chiamate popolarmente foglie di mare.<\/p><p>Si muovono con movimenti ondulati delle pinne pettorali e sono poco mobili, quindi trascorrono la maggior parte del loro tempo sepolti nella sabbia sul fondo del mare. La loro coda \u00e8 molto stretta in modo che nella maggior parte delle specie assomigli a una frusta e la pinna dorsale \u00e8 posizionata all&#8217;indietro.<\/p><p>La superficie superiore del corpo \u00e8 pi\u00f9 scura pigmentata e adattata al colore dell&#8217;ambiente, mentre la parte inferiore \u00e8 pi\u00f9 chiara perch\u00e9 non contiene pigmenti. Sul lato superiore, dorsale sono gli occhi e lo spiracolo, e sull&#8217;addome sono la bocca, le narici e le fessure branchiali. Alcune specie di razza hanno una spina velenosa sulla schiena o sulla coda che funge da difesa. Altre specie possiedono un organo elettrico che pu\u00f2 causare una scossa elettrica abbastanza forte a un potenziale aggressore.<\/p>\t\t\t\t\t\t\t\t<\/div>\n\t\t\t\t<\/div>\n\t\t\t\t\t<\/div>\n\t\t<\/div>\n\t\t\t\t<div class=\"elementor-column elementor-col-50 elementor-top-column elementor-element elementor-element-34348579\" data-id=\"34348579\" data-element_type=\"column\">\n\t\t\t<div class=\"elementor-widget-wrap elementor-element-populated\">\n\t\t\t\t\t\t<div class=\"elementor-element elementor-element-661a7789 elementor-widget elementor-widget-text-editor\" data-id=\"661a7789\" data-element_type=\"widget\" data-widget_type=\"text-editor.default\">\n\t\t\t\t<div class=\"elementor-widget-container\">\n\t\t\t\t\t\t\t\t\t<p><strong>Valori nutrizionali<\/strong><\/p><p>La razza \u00e8 molto utile per l&#8217;organismo, non solo contiene grassi polinsaturi, preziosi alleati per la prevenzione delle malattie cardiovascolari, la lotta allo stress e il miglioramento della concentrazione, \u00e8 anche una ricca fonte di sali minerali. Ricca di iodio, potassio, sodio e rame, mentre il suo valore calorico \u00e8 molto basso, 68 Kcal per 100 grammi, e inoltre contiene vitamine B1, B2, B6 e B12, preziose per il buon funzionamento del sistema nervoso<\/p>\t\t\t\t\t\t\t\t<\/div>\n\t\t\t\t<\/div>\n\t\t\t\t\t<\/div>\n\t\t<\/div>\n\t\t\t\t\t<\/div>\n\t\t<\/section>\n\t\t\t\t<section class=\"elementor-section elementor-top-section elementor-element elementor-element-462fa881 elementor-section-content-middle elementor-section-boxed elementor-section-height-default elementor-section-height-default\" data-id=\"462fa881\" data-element_type=\"section\" data-settings=\"{&quot;background_background&quot;:&quot;classic&quot;}\">\n\t\t\t\t\t\t<div class=\"elementor-container elementor-column-gap-default\">\n\t\t\t\t\t<div class=\"elementor-column elementor-col-100 elementor-top-column elementor-element elementor-element-2ff55c32\" data-id=\"2ff55c32\" data-element_type=\"column\">\n\t\t\t<div class=\"elementor-widget-wrap elementor-element-populated\">\n\t\t\t\t\t\t<div class=\"elementor-element elementor-element-7c032c7d elementor-hidden-desktop elementor-widget elementor-widget-image-carousel\" data-id=\"7c032c7d\" data-element_type=\"widget\" data-settings=\"{&quot;slides_to_show&quot;:&quot;4&quot;,&quot;navigation&quot;:&quot;none&quot;,&quot;image_spacing_custom&quot;:{&quot;unit&quot;:&quot;px&quot;,&quot;size&quot;:12,&quot;sizes&quot;:[]},&quot;autoplay&quot;:&quot;yes&quot;,&quot;pause_on_hover&quot;:&quot;yes&quot;,&quot;pause_on_interaction&quot;:&quot;yes&quot;,&quot;autoplay_speed&quot;:5000,&quot;infinite&quot;:&quot;yes&quot;,&quot;speed&quot;:500,&quot;image_spacing_custom_tablet&quot;:{&quot;unit&quot;:&quot;px&quot;,&quot;size&quot;:&quot;&quot;,&quot;sizes&quot;:[]},&quot;image_spacing_custom_mobile&quot;:{&quot;unit&quot;:&quot;px&quot;,&quot;size&quot;:&quot;&quot;,&quot;sizes&quot;:[]}}\" data-widget_type=\"image-carousel.default\">\n\t\t\t\t<div class=\"elementor-widget-container\">\n\t\t\t\t\t\t\t<div class=\"elementor-image-carousel-wrapper swiper\" role=\"region\" aria-roledescription=\"carousel\" aria-label=\"Carosello d&#039;immagini\" dir=\"ltr\">\n\t\t\t<div class=\"elementor-image-carousel swiper-wrapper\" aria-live=\"off\">\n\t\t\t\t\t\t\t\t<div class=\"swiper-slide\" role=\"group\" aria-roledescription=\"slide\" aria-label=\"1 di 4\"><a data-elementor-open-lightbox=\"yes\" data-elementor-lightbox-slideshow=\"7c032c7d\" data-elementor-lightbox-title=\"raza1-centaurus-ponuda2\" data-e-action-hash=\"#elementor-action%3Aaction%3Dlightbox%26settings%3DeyJpZCI6ODQ2MSwidXJsIjoiaHR0cHM6XC9cL3d3dy5jZW50YXVydXMuaHJcL3dwLWNvbnRlbnRcL3VwbG9hZHNcLzIwMjBcLzA4XC9yYXphMS1jZW50YXVydXMtcG9udWRhMi5qcGciLCJzbGlkZXNob3ciOiI3YzAzMmM3ZCJ9\" href=\"https:\/\/www.centaurus.hr\/wp-content\/uploads\/2020\/08\/raza1-centaurus-ponuda2.jpg\"><figure class=\"swiper-slide-inner\"><img decoding=\"async\" class=\"swiper-slide-image\" src=\"https:\/\/www.centaurus.hr\/wp-content\/uploads\/2020\/08\/raza1-centaurus-ponuda2.jpg\" alt=\"raza1-centaurus-ponuda2\" \/><\/figure><\/a><\/div><div class=\"swiper-slide\" role=\"group\" aria-roledescription=\"slide\" aria-label=\"2 di 4\"><a data-elementor-open-lightbox=\"yes\" data-elementor-lightbox-slideshow=\"7c032c7d\" data-elementor-lightbox-title=\"raza1-centaurus-ponuda1\" data-e-action-hash=\"#elementor-action%3Aaction%3Dlightbox%26settings%3DeyJpZCI6ODQ2MiwidXJsIjoiaHR0cHM6XC9cL3d3dy5jZW50YXVydXMuaHJcL3dwLWNvbnRlbnRcL3VwbG9hZHNcLzIwMjBcLzA4XC9yYXphMS1jZW50YXVydXMtcG9udWRhMS5qcGciLCJzbGlkZXNob3ciOiI3YzAzMmM3ZCJ9\" href=\"https:\/\/www.centaurus.hr\/wp-content\/uploads\/2020\/08\/raza1-centaurus-ponuda1.jpg\"><figure class=\"swiper-slide-inner\"><img decoding=\"async\" class=\"swiper-slide-image\" src=\"https:\/\/www.centaurus.hr\/wp-content\/uploads\/2020\/08\/raza1-centaurus-ponuda1.jpg\" alt=\"raza1-centaurus-ponuda1\" \/><\/figure><\/a><\/div><div class=\"swiper-slide\" role=\"group\" aria-roledescription=\"slide\" aria-label=\"3 di 4\"><a data-elementor-open-lightbox=\"yes\" data-elementor-lightbox-slideshow=\"7c032c7d\" data-elementor-lightbox-title=\"raza1-centaurus-ponuda3\" data-e-action-hash=\"#elementor-action%3Aaction%3Dlightbox%26settings%3DeyJpZCI6ODQ2MCwidXJsIjoiaHR0cHM6XC9cL3d3dy5jZW50YXVydXMuaHJcL3dwLWNvbnRlbnRcL3VwbG9hZHNcLzIwMjBcLzA4XC9yYXphMS1jZW50YXVydXMtcG9udWRhMy5qcGciLCJzbGlkZXNob3ciOiI3YzAzMmM3ZCJ9\" href=\"https:\/\/www.centaurus.hr\/wp-content\/uploads\/2020\/08\/raza1-centaurus-ponuda3.jpg\"><figure class=\"swiper-slide-inner\"><img decoding=\"async\" class=\"swiper-slide-image\" src=\"https:\/\/www.centaurus.hr\/wp-content\/uploads\/2020\/08\/raza1-centaurus-ponuda3.jpg\" alt=\"raza1-centaurus-ponuda3\" \/><\/figure><\/a><\/div><div class=\"swiper-slide\" role=\"group\" aria-roledescription=\"slide\" aria-label=\"4 di 4\"><a data-elementor-open-lightbox=\"yes\" data-elementor-lightbox-slideshow=\"7c032c7d\" data-elementor-lightbox-title=\"raza1-centaurus-ponuda\" data-e-action-hash=\"#elementor-action%3Aaction%3Dlightbox%26settings%3DeyJpZCI6ODQ2MywidXJsIjoiaHR0cHM6XC9cL3d3dy5jZW50YXVydXMuaHJcL3dwLWNvbnRlbnRcL3VwbG9hZHNcLzIwMjBcLzA4XC9yYXphMS1jZW50YXVydXMtcG9udWRhLmpwZyIsInNsaWRlc2hvdyI6IjdjMDMyYzdkIn0%3D\" href=\"https:\/\/www.centaurus.hr\/wp-content\/uploads\/2020\/08\/raza1-centaurus-ponuda.jpg\"><figure class=\"swiper-slide-inner\"><img decoding=\"async\" class=\"swiper-slide-image\" src=\"https:\/\/www.centaurus.hr\/wp-content\/uploads\/2020\/08\/raza1-centaurus-ponuda.jpg\" alt=\"raza1-centaurus-ponuda\" \/><\/figure><\/a><\/div>\t\t\t<\/div>\n\t\t\t\t\t\t\t\n\t\t\t\t\t\t\t\t\t<\/div>\n\t\t\t\t\t\t<\/div>\n\t\t\t\t<\/div>\n\t\t\t\t<div class=\"elementor-element elementor-element-6cdaf6d elementor-hidden-tablet elementor-hidden-phone elementor-widget elementor-widget-image-gallery\" data-id=\"6cdaf6d\" data-element_type=\"widget\" data-widget_type=\"image-gallery.default\">\n\t\t\t\t<div class=\"elementor-widget-container\">\n\t\t\t\t\t\t\t<div class=\"elementor-image-gallery\">\n\t\t\t<div id='gallery-1' class='gallery galleryid-8456 gallery-columns-4 gallery-size-full'><figure class='gallery-item'>\n\t\t\t<div class='gallery-icon landscape'>\n\t\t\t\t<a data-elementor-open-lightbox=\"yes\" data-elementor-lightbox-slideshow=\"6cdaf6d\" data-elementor-lightbox-title=\"raza1-centaurus-ponuda1\" data-e-action-hash=\"#elementor-action%3Aaction%3Dlightbox%26settings%3DeyJpZCI6ODQ2MiwidXJsIjoiaHR0cHM6XC9cL3d3dy5jZW50YXVydXMuaHJcL3dwLWNvbnRlbnRcL3VwbG9hZHNcLzIwMjBcLzA4XC9yYXphMS1jZW50YXVydXMtcG9udWRhMS5qcGciLCJzbGlkZXNob3ciOiI2Y2RhZjZkIn0%3D\" href='https:\/\/www.centaurus.hr\/wp-content\/uploads\/2020\/08\/raza1-centaurus-ponuda1.jpg'><img decoding=\"async\" width=\"710\" height=\"533\" src=\"https:\/\/www.centaurus.hr\/wp-content\/uploads\/2020\/08\/raza1-centaurus-ponuda1.jpg\" class=\"attachment-full size-full\" alt=\"\" srcset=\"https:\/\/www.centaurus.hr\/wp-content\/uploads\/2020\/08\/raza1-centaurus-ponuda1.jpg 710w, https:\/\/www.centaurus.hr\/wp-content\/uploads\/2020\/08\/raza1-centaurus-ponuda1-300x225.jpg 300w, https:\/\/www.centaurus.hr\/wp-content\/uploads\/2020\/08\/raza1-centaurus-ponuda1-600x450.jpg 600w\" sizes=\"(max-width: 710px) 100vw, 710px\" \/><\/a>\n\t\t\t<\/div><\/figure><figure class='gallery-item'>\n\t\t\t<div class='gallery-icon landscape'>\n\t\t\t\t<a data-elementor-open-lightbox=\"yes\" data-elementor-lightbox-slideshow=\"6cdaf6d\" data-elementor-lightbox-title=\"raza1-centaurus-ponuda2\" data-e-action-hash=\"#elementor-action%3Aaction%3Dlightbox%26settings%3DeyJpZCI6ODQ2MSwidXJsIjoiaHR0cHM6XC9cL3d3dy5jZW50YXVydXMuaHJcL3dwLWNvbnRlbnRcL3VwbG9hZHNcLzIwMjBcLzA4XC9yYXphMS1jZW50YXVydXMtcG9udWRhMi5qcGciLCJzbGlkZXNob3ciOiI2Y2RhZjZkIn0%3D\" href='https:\/\/www.centaurus.hr\/wp-content\/uploads\/2020\/08\/raza1-centaurus-ponuda2.jpg'><img decoding=\"async\" width=\"1024\" height=\"768\" src=\"https:\/\/www.centaurus.hr\/wp-content\/uploads\/2020\/08\/raza1-centaurus-ponuda2.jpg\" class=\"attachment-full size-full\" alt=\"\" srcset=\"https:\/\/www.centaurus.hr\/wp-content\/uploads\/2020\/08\/raza1-centaurus-ponuda2.jpg 1024w, https:\/\/www.centaurus.hr\/wp-content\/uploads\/2020\/08\/raza1-centaurus-ponuda2-300x225.jpg 300w, https:\/\/www.centaurus.hr\/wp-content\/uploads\/2020\/08\/raza1-centaurus-ponuda2-768x576.jpg 768w, https:\/\/www.centaurus.hr\/wp-content\/uploads\/2020\/08\/raza1-centaurus-ponuda2-600x450.jpg 600w\" sizes=\"(max-width: 1024px) 100vw, 1024px\" \/><\/a>\n\t\t\t<\/div><\/figure><figure class='gallery-item'>\n\t\t\t<div class='gallery-icon landscape'>\n\t\t\t\t<a data-elementor-open-lightbox=\"yes\" data-elementor-lightbox-slideshow=\"6cdaf6d\" data-elementor-lightbox-title=\"raza1-centaurus-ponuda3\" data-e-action-hash=\"#elementor-action%3Aaction%3Dlightbox%26settings%3DeyJpZCI6ODQ2MCwidXJsIjoiaHR0cHM6XC9cL3d3dy5jZW50YXVydXMuaHJcL3dwLWNvbnRlbnRcL3VwbG9hZHNcLzIwMjBcLzA4XC9yYXphMS1jZW50YXVydXMtcG9udWRhMy5qcGciLCJzbGlkZXNob3ciOiI2Y2RhZjZkIn0%3D\" href='https:\/\/www.centaurus.hr\/wp-content\/uploads\/2020\/08\/raza1-centaurus-ponuda3.jpg'><img loading=\"lazy\" decoding=\"async\" width=\"1024\" height=\"768\" src=\"https:\/\/www.centaurus.hr\/wp-content\/uploads\/2020\/08\/raza1-centaurus-ponuda3.jpg\" class=\"attachment-full size-full\" alt=\"\" srcset=\"https:\/\/www.centaurus.hr\/wp-content\/uploads\/2020\/08\/raza1-centaurus-ponuda3.jpg 1024w, https:\/\/www.centaurus.hr\/wp-content\/uploads\/2020\/08\/raza1-centaurus-ponuda3-300x225.jpg 300w, https:\/\/www.centaurus.hr\/wp-content\/uploads\/2020\/08\/raza1-centaurus-ponuda3-768x576.jpg 768w, https:\/\/www.centaurus.hr\/wp-content\/uploads\/2020\/08\/raza1-centaurus-ponuda3-600x450.jpg 600w\" sizes=\"(max-width: 1024px) 100vw, 1024px\" \/><\/a>\n\t\t\t<\/div><\/figure><figure class='gallery-item'>\n\t\t\t<div class='gallery-icon landscape'>\n\t\t\t\t<a data-elementor-open-lightbox=\"yes\" data-elementor-lightbox-slideshow=\"6cdaf6d\" data-elementor-lightbox-title=\"raza1-centaurus-ponuda\" data-e-action-hash=\"#elementor-action%3Aaction%3Dlightbox%26settings%3DeyJpZCI6ODQ2MywidXJsIjoiaHR0cHM6XC9cL3d3dy5jZW50YXVydXMuaHJcL3dwLWNvbnRlbnRcL3VwbG9hZHNcLzIwMjBcLzA4XC9yYXphMS1jZW50YXVydXMtcG9udWRhLmpwZyIsInNsaWRlc2hvdyI6IjZjZGFmNmQifQ%3D%3D\" href='https:\/\/www.centaurus.hr\/wp-content\/uploads\/2020\/08\/raza1-centaurus-ponuda.jpg'><img loading=\"lazy\" decoding=\"async\" width=\"1024\" height=\"768\" src=\"https:\/\/www.centaurus.hr\/wp-content\/uploads\/2020\/08\/raza1-centaurus-ponuda.jpg\" class=\"attachment-full size-full\" alt=\"\" srcset=\"https:\/\/www.centaurus.hr\/wp-content\/uploads\/2020\/08\/raza1-centaurus-ponuda.jpg 1024w, https:\/\/www.centaurus.hr\/wp-content\/uploads\/2020\/08\/raza1-centaurus-ponuda-300x225.jpg 300w, https:\/\/www.centaurus.hr\/wp-content\/uploads\/2020\/08\/raza1-centaurus-ponuda-768x576.jpg 768w, https:\/\/www.centaurus.hr\/wp-content\/uploads\/2020\/08\/raza1-centaurus-ponuda-600x450.jpg 600w\" sizes=\"(max-width: 1024px) 100vw, 1024px\" \/><\/a>\n\t\t\t<\/div><\/figure>\n\t\t<\/div>\n\t\t<\/div>\n\t\t\t\t\t\t<\/div>\n\t\t\t\t<\/div>\n\t\t\t\t\t<\/div>\n\t\t<\/div>\n\t\t\t\t\t<\/div>\n\t\t<\/section>\n\t\t\t\t<section class=\"elementor-section elementor-top-section elementor-element elementor-element-4bda8d37 elementor-section-height-min-height elementor-section-boxed elementor-section-height-default elementor-section-items-middle\" data-id=\"4bda8d37\" data-element_type=\"section\" data-settings=\"{&quot;background_background&quot;:&quot;classic&quot;}\">\n\t\t\t\t\t\t\t<div class=\"elementor-background-overlay\"><\/div>\n\t\t\t\t\t\t\t<div class=\"elementor-container elementor-column-gap-default\">\n\t\t\t\t\t<div class=\"elementor-column elementor-col-33 elementor-top-column elementor-element elementor-element-2b1f6c74\" data-id=\"2b1f6c74\" data-element_type=\"column\">\n\t\t\t<div class=\"elementor-widget-wrap\">\n\t\t\t\t\t\t\t<\/div>\n\t\t<\/div>\n\t\t\t\t<div class=\"elementor-column elementor-col-33 elementor-top-column elementor-element elementor-element-51e5740c\" data-id=\"51e5740c\" data-element_type=\"column\">\n\t\t\t<div class=\"elementor-widget-wrap elementor-element-populated\">\n\t\t\t\t\t\t<div class=\"elementor-element elementor-element-4aad2af7 elementor-widget elementor-widget-heading\" data-id=\"4aad2af7\" data-element_type=\"widget\" data-widget_type=\"heading.default\">\n\t\t\t\t<div class=\"elementor-widget-container\">\n\t\t\t\t\t<h2 class=\"elementor-heading-title elementor-size-default\">Ricetta<\/h2>\t\t\t\t<\/div>\n\t\t\t\t<\/div>\n\t\t\t\t<div class=\"elementor-element elementor-element-4acbeb5a elementor-widget elementor-widget-heading\" data-id=\"4acbeb5a\" data-element_type=\"widget\" data-widget_type=\"heading.default\">\n\t\t\t\t<div class=\"elementor-widget-container\">\n\t\t\t\t\t<h2 class=\"elementor-heading-title elementor-size-default\">per razza<\/h2>\t\t\t\t<\/div>\n\t\t\t\t<\/div>\n\t\t\t\t\t<\/div>\n\t\t<\/div>\n\t\t\t\t<div class=\"elementor-column elementor-col-33 elementor-top-column elementor-element elementor-element-65477f48\" data-id=\"65477f48\" data-element_type=\"column\">\n\t\t\t<div class=\"elementor-widget-wrap elementor-element-populated\">\n\t\t\t\t\t\t<div class=\"elementor-element elementor-element-1c05abbd elementor-view-default elementor-widget elementor-widget-icon\" data-id=\"1c05abbd\" data-element_type=\"widget\" data-widget_type=\"icon.default\">\n\t\t\t\t<div class=\"elementor-widget-container\">\n\t\t\t\t\t\t\t<div class=\"elementor-icon-wrapper\">\n\t\t\t<a class=\"elementor-icon elementor-animation-grow\" href=\"#elementor-action%3Aaction%3Dlightbox%26settings%3DeyJ0eXBlIjoidmlkZW8iLCJ2aWRlb1R5cGUiOiJ2aW1lbyIsInVybCI6Imh0dHBzOlwvXC9wbGF5ZXIudmltZW8uY29tXC92aWRlb1wvNDU1NzIxMTgyI3Q9In0%3D\">\n\t\t\t<i aria-hidden=\"true\" class=\"far fa-play-circle\"><\/i>\t\t\t<\/a>\n\t\t<\/div>\n\t\t\t\t\t\t<\/div>\n\t\t\t\t<\/div>\n\t\t\t\t\t<\/div>\n\t\t<\/div>\n\t\t\t\t\t<\/div>\n\t\t<\/section>\n\t\t\t\t<\/div>\n\t\t","protected":false},"excerpt":{"rendered":"<p>Razza lat. Rajiformes Razza Le razze (Rajiformes) sono condritti, pesci con scheletro cartilagineo, caratterizzati da un corpo molto appiattito in direzione dorso-addominale e pinne pettorali estese che giacciono completamente ai lati del corpo, il che contribuisce a far sembrare il corpo ancora pi\u00f9 ampio. Hanno la forma di una foglia o di un piatto a [&hellip;]<\/p>\n","protected":false},"author":9,"featured_media":0,"parent":0,"menu_order":0,"comment_status":"closed","ping_status":"closed","template":"","meta":{"site-sidebar-layout":"no-sidebar","site-content-layout":"page-builder","ast-site-content-layout":"default","site-content-style":"default","site-sidebar-style":"default","ast-global-header-display":"","ast-banner-title-visibility":"","ast-main-header-display":"","ast-hfb-above-header-display":"","ast-hfb-below-header-display":"","ast-hfb-mobile-header-display":"","site-post-title":"disabled","ast-breadcrumbs-content":"","ast-featured-img":"disabled","footer-sml-layout":"","ast-disable-related-posts":"","theme-transparent-header-meta":"","adv-header-id-meta":"","stick-header-meta":"default","header-above-stick-meta":"","header-main-stick-meta":"","header-below-stick-meta":"","astra-migrate-meta-layouts":"default","ast-page-background-enabled":"default","ast-page-background-meta":{"desktop":{"background-color":"","background-image":"","background-repeat":"repeat","background-position":"center center","background-size":"auto","background-attachment":"scroll","background-type":"","background-media":"","overlay-type":"","overlay-color":"","overlay-opacity":"","overlay-gradient":""},"tablet":{"background-color":"","background-image":"","background-repeat":"repeat","background-position":"center center","background-size":"auto","background-attachment":"scroll","background-type":"","background-media":"","overlay-type":"","overlay-color":"","overlay-opacity":"","overlay-gradient":""},"mobile":{"background-color":"","background-image":"","background-repeat":"repeat","background-position":"center center","background-size":"auto","background-attachment":"scroll","background-type":"","background-media":"","overlay-type":"","overlay-color":"","overlay-opacity":"","overlay-gradient":""}},"ast-content-background-meta":{"desktop":{"background-color":"var(--ast-global-color-5)","background-image":"","background-repeat":"repeat","background-position":"center center","background-size":"auto","background-attachment":"scroll","background-type":"","background-media":"","overlay-type":"","overlay-color":"","overlay-opacity":"","overlay-gradient":""},"tablet":{"background-color":"var(--ast-global-color-5)","background-image":"","background-repeat":"repeat","background-position":"center center","background-size":"auto","background-attachment":"scroll","background-type":"","background-media":"","overlay-type":"","overlay-color":"","overlay-opacity":"","overlay-gradient":""},"mobile":{"background-color":"var(--ast-global-color-5)","background-image":"","background-repeat":"repeat","background-position":"center center","background-size":"auto","background-attachment":"scroll","background-type":"","background-media":"","overlay-type":"","overlay-color":"","overlay-opacity":"","overlay-gradient":""}},"footnotes":""},"class_list":["post-8456","page","type-page","status-publish","hentry"],"aioseo_notices":[],"_links":{"self":[{"href":"https:\/\/www.centaurus.hr\/it\/wp-json\/wp\/v2\/pages\/8456","targetHints":{"allow":["GET"]}}],"collection":[{"href":"https:\/\/www.centaurus.hr\/it\/wp-json\/wp\/v2\/pages"}],"about":[{"href":"https:\/\/www.centaurus.hr\/it\/wp-json\/wp\/v2\/types\/page"}],"author":[{"embeddable":true,"href":"https:\/\/www.centaurus.hr\/it\/wp-json\/wp\/v2\/users\/9"}],"replies":[{"embeddable":true,"href":"https:\/\/www.centaurus.hr\/it\/wp-json\/wp\/v2\/comments?post=8456"}],"version-history":[{"count":0,"href":"https:\/\/www.centaurus.hr\/it\/wp-json\/wp\/v2\/pages\/8456\/revisions"}],"wp:attachment":[{"href":"https:\/\/www.centaurus.hr\/it\/wp-json\/wp\/v2\/media?parent=8456"}],"curies":[{"name":"wp","href":"https:\/\/api.w.org\/{rel}","templated":true}]}}