{"id":9017,"date":"2020-11-25T14:02:24","date_gmt":"2020-11-25T14:02:24","guid":{"rendered":"http:\/\/www.centaurus.hr\/?page_id=9017"},"modified":"2020-11-25T14:04:03","modified_gmt":"2020-11-25T14:04:03","slug":"mejillones","status":"publish","type":"page","link":"https:\/\/www.centaurus.hr\/es\/mejillones\/","title":{"rendered":"Mejillones"},"content":{"rendered":"\t\t<div data-elementor-type=\"wp-page\" data-elementor-id=\"9017\" class=\"elementor elementor-9017 elementor-5272\" data-elementor-post-type=\"page\">\n\t\t\t\t\t\t<section class=\"elementor-section elementor-top-section elementor-element elementor-element-347cf718 elementor-section-stretched elementor-section-content-middle elementor-section-height-min-height elementor-section-boxed elementor-section-height-default elementor-section-items-middle\" data-id=\"347cf718\" data-element_type=\"section\" data-settings=\"{&quot;stretch_section&quot;:&quot;section-stretched&quot;,&quot;background_background&quot;:&quot;classic&quot;,&quot;shape_divider_bottom&quot;:&quot;mountains&quot;}\">\n\t\t\t\t\t\t\t<div class=\"elementor-background-overlay\"><\/div>\n\t\t\t\t\t\t<div class=\"elementor-shape elementor-shape-bottom\" aria-hidden=\"true\" data-negative=\"false\">\n\t\t\t<svg xmlns=\"http:\/\/www.w3.org\/2000\/svg\" viewBox=\"0 0 1000 100\" preserveAspectRatio=\"none\">\n\t<path class=\"elementor-shape-fill\" opacity=\"0.33\" d=\"M473,67.3c-203.9,88.3-263.1-34-320.3,0C66,119.1,0,59.7,0,59.7V0h1000v59.7 c0,0-62.1,26.1-94.9,29.3c-32.8,3.3-62.8-12.3-75.8-22.1C806,49.6,745.3,8.7,694.9,4.7S492.4,59,473,67.3z\"\/>\n\t<path class=\"elementor-shape-fill\" opacity=\"0.66\" d=\"M734,67.3c-45.5,0-77.2-23.2-129.1-39.1c-28.6-8.7-150.3-10.1-254,39.1 s-91.7-34.4-149.2,0C115.7,118.3,0,39.8,0,39.8V0h1000v36.5c0,0-28.2-18.5-92.1-18.5C810.2,18.1,775.7,67.3,734,67.3z\"\/>\n\t<path class=\"elementor-shape-fill\" d=\"M766.1,28.9c-200-57.5-266,65.5-395.1,19.5C242,1.8,242,5.4,184.8,20.6C128,35.8,132.3,44.9,89.9,52.5C28.6,63.7,0,0,0,0 h1000c0,0-9.9,40.9-83.6,48.1S829.6,47,766.1,28.9z\"\/>\n<\/svg>\t\t<\/div>\n\t\t\t\t\t<div class=\"elementor-container elementor-column-gap-default\">\n\t\t\t\t\t<div class=\"elementor-column elementor-col-50 elementor-top-column elementor-element elementor-element-78113f0c\" data-id=\"78113f0c\" data-element_type=\"column\">\n\t\t\t<div class=\"elementor-widget-wrap elementor-element-populated\">\n\t\t\t\t\t\t<div class=\"elementor-element elementor-element-771b1e55 elementor-widget elementor-widget-image\" data-id=\"771b1e55\" data-element_type=\"widget\" data-widget_type=\"image.default\">\n\t\t\t\t<div class=\"elementor-widget-container\">\n\t\t\t\t\t\t\t\t\t\t\t\t\t\t\t<img fetchpriority=\"high\" decoding=\"async\" width=\"822\" height=\"741\" src=\"https:\/\/www.centaurus.hr\/wp-content\/uploads\/2020\/07\/Dagnja-11.png\" class=\"attachment-full size-full wp-image-9019\" alt=\"\" srcset=\"https:\/\/www.centaurus.hr\/wp-content\/uploads\/2020\/07\/Dagnja-11.png 822w, https:\/\/www.centaurus.hr\/wp-content\/uploads\/2020\/07\/Dagnja-11-300x270.png 300w, https:\/\/www.centaurus.hr\/wp-content\/uploads\/2020\/07\/Dagnja-11-768x692.png 768w, https:\/\/www.centaurus.hr\/wp-content\/uploads\/2020\/07\/Dagnja-11-600x541.png 600w\" sizes=\"(max-width: 822px) 100vw, 822px\" \/>\t\t\t\t\t\t\t\t\t\t\t\t\t\t\t<\/div>\n\t\t\t\t<\/div>\n\t\t\t\t\t<\/div>\n\t\t<\/div>\n\t\t\t\t<div class=\"elementor-column elementor-col-50 elementor-top-column elementor-element elementor-element-6a43e52\" data-id=\"6a43e52\" data-element_type=\"column\">\n\t\t\t<div class=\"elementor-widget-wrap elementor-element-populated\">\n\t\t\t\t\t\t<div class=\"elementor-element elementor-element-7a42e9fd elementor-widget elementor-widget-heading\" data-id=\"7a42e9fd\" data-element_type=\"widget\" data-widget_type=\"heading.default\">\n\t\t\t\t<div class=\"elementor-widget-container\">\n\t\t\t\t\t<h2 class=\"elementor-heading-title elementor-size-default\">Mejillones<\/h2>\t\t\t\t<\/div>\n\t\t\t\t<\/div>\n\t\t\t\t<div class=\"elementor-element elementor-element-6bcbd279 elementor-widget elementor-widget-heading\" data-id=\"6bcbd279\" data-element_type=\"widget\" data-widget_type=\"heading.default\">\n\t\t\t\t<div class=\"elementor-widget-container\">\n\t\t\t\t\t<h2 class=\"elementor-heading-title elementor-size-default\">lat. Mytilus galloprovincialis\n<\/h2>\t\t\t\t<\/div>\n\t\t\t\t<\/div>\n\t\t\t\t\t<\/div>\n\t\t<\/div>\n\t\t\t\t\t<\/div>\n\t\t<\/section>\n\t\t\t\t<section class=\"elementor-section elementor-top-section elementor-element elementor-element-7fa6dae6 elementor-section-stretched elementor-section-content-middle elementor-section-boxed elementor-section-height-default elementor-section-height-default\" data-id=\"7fa6dae6\" data-element_type=\"section\" data-settings=\"{&quot;background_background&quot;:&quot;gradient&quot;,&quot;stretch_section&quot;:&quot;section-stretched&quot;,&quot;shape_divider_bottom&quot;:&quot;mountains&quot;}\">\n\t\t\t\t\t\t\t<div class=\"elementor-background-overlay\"><\/div>\n\t\t\t\t\t\t<div class=\"elementor-shape elementor-shape-bottom\" aria-hidden=\"true\" data-negative=\"false\">\n\t\t\t<svg xmlns=\"http:\/\/www.w3.org\/2000\/svg\" viewBox=\"0 0 1000 100\" preserveAspectRatio=\"none\">\n\t<path class=\"elementor-shape-fill\" opacity=\"0.33\" d=\"M473,67.3c-203.9,88.3-263.1-34-320.3,0C66,119.1,0,59.7,0,59.7V0h1000v59.7 c0,0-62.1,26.1-94.9,29.3c-32.8,3.3-62.8-12.3-75.8-22.1C806,49.6,745.3,8.7,694.9,4.7S492.4,59,473,67.3z\"\/>\n\t<path class=\"elementor-shape-fill\" opacity=\"0.66\" d=\"M734,67.3c-45.5,0-77.2-23.2-129.1-39.1c-28.6-8.7-150.3-10.1-254,39.1 s-91.7-34.4-149.2,0C115.7,118.3,0,39.8,0,39.8V0h1000v36.5c0,0-28.2-18.5-92.1-18.5C810.2,18.1,775.7,67.3,734,67.3z\"\/>\n\t<path class=\"elementor-shape-fill\" d=\"M766.1,28.9c-200-57.5-266,65.5-395.1,19.5C242,1.8,242,5.4,184.8,20.6C128,35.8,132.3,44.9,89.9,52.5C28.6,63.7,0,0,0,0 h1000c0,0-9.9,40.9-83.6,48.1S829.6,47,766.1,28.9z\"\/>\n<\/svg>\t\t<\/div>\n\t\t\t\t\t<div class=\"elementor-container elementor-column-gap-default\">\n\t\t\t\t\t<div class=\"elementor-column elementor-col-50 elementor-top-column elementor-element elementor-element-3a3f9693\" data-id=\"3a3f9693\" data-element_type=\"column\">\n\t\t\t<div class=\"elementor-widget-wrap elementor-element-populated\">\n\t\t\t\t\t\t<div class=\"elementor-element elementor-element-5d51ddda elementor-hidden-phone elementor-widget elementor-widget-heading\" data-id=\"5d51ddda\" data-element_type=\"widget\" data-widget_type=\"heading.default\">\n\t\t\t\t<div class=\"elementor-widget-container\">\n\t\t\t\t\t<h2 class=\"elementor-heading-title elementor-size-default\">Mejillones<\/h2>\t\t\t\t<\/div>\n\t\t\t\t<\/div>\n\t\t\t\t<div class=\"elementor-element elementor-element-20ecca08 elementor-widget elementor-widget-text-editor\" data-id=\"20ecca08\" data-element_type=\"widget\" data-widget_type=\"text-editor.default\">\n\t\t\t\t<div class=\"elementor-widget-container\">\n\t\t\t\t\t\t\t\t\t<p>Los mejillones son formados por dos valvas completamente id\u00e9nticas, de forma alargada, de color negro-azul en el exterior y de color n\u00e1car en el interior, unidas fuertemente por un ligamento el\u00e1stico de 6 a 8 cm, dentro de las que se encuentra el tejido blando. Viven en grupos en las rocas submarinas, en columnas o cuelgan unidas por unas hilas finas, extra\u00eddas por una de sus gl\u00e1ndulas interiores.<\/p><p>Los mejillones crecen en muchos lugares de nuestra costa, como el mar de Novigrad, canal de \u0160ibenik, canal de Maloston, bah\u00eda de Pula y canal Limski. Los mejillones tambi\u00e9n se cr\u00edan en explotaciones de marisco y su cr\u00eda toma tres a\u00f1os y medio. Comen pl\u00e1nctones. Se colectan desde el octubre hasta el mayo.<\/p>\t\t\t\t\t\t\t\t<\/div>\n\t\t\t\t<\/div>\n\t\t\t\t\t<\/div>\n\t\t<\/div>\n\t\t\t\t<div class=\"elementor-column elementor-col-50 elementor-top-column elementor-element elementor-element-7f82d946\" data-id=\"7f82d946\" data-element_type=\"column\">\n\t\t\t<div class=\"elementor-widget-wrap elementor-element-populated\">\n\t\t\t\t\t\t<div class=\"elementor-element elementor-element-6edf255b elementor-widget elementor-widget-text-editor\" data-id=\"6edf255b\" data-element_type=\"widget\" data-widget_type=\"text-editor.default\">\n\t\t\t\t<div class=\"elementor-widget-container\">\n\t\t\t\t\t\t\t\t\t<p><strong>Valor energ\u00e9tico y de nutrientes<\/strong><\/p><p>El valor energ\u00e9tico de 100 g de mejillones frescos es de 66 kcal\/276 kJ. Contiene 12,1% de prote\u00ednas, 1,9% de grasas y 2% de hidratos de carbono. Los mejillones son una fuente importante de minerales, de hierro (3,95 mg, que corresponde a 28% de IDR), f\u00f3sforo (197 mg, que corresponde a 24% de IDR) y selenio (44,8 \u03bcg, que corresponde a 82% de IDR). Son ricos en calcio, en yodo, en potasio y en sodio.<\/p><p>En cuanto a vitaminas, contienen vitamina A, \u00e1cido f\u00f3lico y vitamina C. Son una fuente excelente de cianocobalamina (B-12) &#8211; hasta 12 \u03bcg, que es cinco veces m\u00e1s de la ingesta diaria recomendada. Los mejillones son tambi\u00e9n una fuente de otras vitaminas del complejo B. Tiene 0,16 mg de tiamina (B1), que corresponde a 13% de la ingesta diaria recomendada, 0,21mg de riboflavina (B2), que corresponde a 16% de la ingesta diaria recomendada, y 1,6 mg de niacina (B3), que corresponde a 16% de iDR.<\/p><p>Los mejillones son tambi\u00e9n ricos en \u00e1cidos grasos omega 3, pero contienen un gran porcentaje de \u00e1cidos grasos saturados.<\/p>\t\t\t\t\t\t\t\t<\/div>\n\t\t\t\t<\/div>\n\t\t\t\t\t<\/div>\n\t\t<\/div>\n\t\t\t\t\t<\/div>\n\t\t<\/section>\n\t\t\t\t<section class=\"elementor-section elementor-top-section elementor-element elementor-element-4f454d35 elementor-section-content-middle elementor-section-boxed elementor-section-height-default elementor-section-height-default\" data-id=\"4f454d35\" data-element_type=\"section\" data-settings=\"{&quot;background_background&quot;:&quot;classic&quot;}\">\n\t\t\t\t\t\t<div class=\"elementor-container elementor-column-gap-default\">\n\t\t\t\t\t<div class=\"elementor-column elementor-col-100 elementor-top-column elementor-element elementor-element-35f18be8\" data-id=\"35f18be8\" data-element_type=\"column\">\n\t\t\t<div class=\"elementor-widget-wrap elementor-element-populated\">\n\t\t\t\t\t\t<div class=\"elementor-element elementor-element-16dcc5d3 elementor-widget elementor-widget-image-carousel\" data-id=\"16dcc5d3\" data-element_type=\"widget\" data-settings=\"{&quot;slides_to_show&quot;:&quot;4&quot;,&quot;navigation&quot;:&quot;none&quot;,&quot;image_spacing_custom&quot;:{&quot;unit&quot;:&quot;px&quot;,&quot;size&quot;:12,&quot;sizes&quot;:[]},&quot;autoplay&quot;:&quot;yes&quot;,&quot;pause_on_hover&quot;:&quot;yes&quot;,&quot;pause_on_interaction&quot;:&quot;yes&quot;,&quot;autoplay_speed&quot;:5000,&quot;infinite&quot;:&quot;yes&quot;,&quot;speed&quot;:500,&quot;image_spacing_custom_tablet&quot;:{&quot;unit&quot;:&quot;px&quot;,&quot;size&quot;:&quot;&quot;,&quot;sizes&quot;:[]},&quot;image_spacing_custom_mobile&quot;:{&quot;unit&quot;:&quot;px&quot;,&quot;size&quot;:&quot;&quot;,&quot;sizes&quot;:[]}}\" data-widget_type=\"image-carousel.default\">\n\t\t\t\t<div class=\"elementor-widget-container\">\n\t\t\t\t\t\t\t<div class=\"elementor-image-carousel-wrapper swiper\" role=\"region\" aria-roledescription=\"carousel\" aria-label=\"Carrusel de im\u00e1genes\" dir=\"ltr\">\n\t\t\t<div class=\"elementor-image-carousel swiper-wrapper\" aria-live=\"off\">\n\t\t\t\t\t\t\t\t<div class=\"swiper-slide\" role=\"group\" aria-roledescription=\"slide\" aria-label=\"1 de 7\"><a data-elementor-open-lightbox=\"yes\" data-elementor-lightbox-slideshow=\"16dcc5d3\" data-elementor-lightbox-title=\"Centaurus dagnja\" data-e-action-hash=\"#elementor-action%3Aaction%3Dlightbox%26settings%3DeyJpZCI6NTQ5NSwidXJsIjoiaHR0cHM6XC9cL3d3dy5jZW50YXVydXMuaHJcL3dwLWNvbnRlbnRcL3VwbG9hZHNcLzIwMjBcLzA3XC9jZW50YXVydXMtZGFnbmphLmpwZyIsInNsaWRlc2hvdyI6IjE2ZGNjNWQzIn0%3D\" href=\"https:\/\/www.centaurus.hr\/wp-content\/uploads\/2020\/07\/centaurus-dagnja.jpg\"><figure class=\"swiper-slide-inner\"><img decoding=\"async\" class=\"swiper-slide-image\" src=\"https:\/\/www.centaurus.hr\/wp-content\/uploads\/2020\/07\/centaurus-dagnja.jpg\" alt=\"Centaurus - svje\u017ea i smrznuta riba - dagnja\" \/><\/figure><\/a><\/div><div class=\"swiper-slide\" role=\"group\" aria-roledescription=\"slide\" aria-label=\"2 de 7\"><a data-elementor-open-lightbox=\"yes\" data-elementor-lightbox-slideshow=\"16dcc5d3\" data-elementor-lightbox-title=\"pedo\u010de\" data-e-action-hash=\"#elementor-action%3Aaction%3Dlightbox%26settings%3DeyJpZCI6NjUyMCwidXJsIjoiaHR0cHM6XC9cL3d3dy5jZW50YXVydXMuaHJcL3dwLWNvbnRlbnRcL3VwbG9hZHNcLzIwMjBcLzA4XC9wZWRvXHUwMTBkZS5qcGciLCJzbGlkZXNob3ciOiIxNmRjYzVkMyJ9\" href=\"https:\/\/www.centaurus.hr\/wp-content\/uploads\/2020\/08\/pedo\u010de.jpg\"><figure class=\"swiper-slide-inner\"><img decoding=\"async\" class=\"swiper-slide-image\" src=\"https:\/\/www.centaurus.hr\/wp-content\/uploads\/2020\/08\/pedo\u010de.jpg\" alt=\"pedo\u010de\" \/><\/figure><\/a><\/div><div class=\"swiper-slide\" role=\"group\" aria-roledescription=\"slide\" aria-label=\"3 de 7\"><a data-elementor-open-lightbox=\"yes\" data-elementor-lightbox-slideshow=\"16dcc5d3\" data-elementor-lightbox-title=\"Centaurus dagnja\" data-e-action-hash=\"#elementor-action%3Aaction%3Dlightbox%26settings%3DeyJpZCI6NTQ5OCwidXJsIjoiaHR0cHM6XC9cL3d3dy5jZW50YXVydXMuaHJcL3dwLWNvbnRlbnRcL3VwbG9hZHNcLzIwMjBcLzA3XC9jZW50YXVydXMtZGFnbmphLTQuanBnIiwic2xpZGVzaG93IjoiMTZkY2M1ZDMifQ%3D%3D\" href=\"https:\/\/www.centaurus.hr\/wp-content\/uploads\/2020\/07\/centaurus-dagnja-4.jpg\"><figure class=\"swiper-slide-inner\"><img decoding=\"async\" class=\"swiper-slide-image\" src=\"https:\/\/www.centaurus.hr\/wp-content\/uploads\/2020\/07\/centaurus-dagnja-4.jpg\" alt=\"Centaurus - svje\u017ea i smrznuta riba - dagnja\" \/><\/figure><\/a><\/div><div class=\"swiper-slide\" role=\"group\" aria-roledescription=\"slide\" aria-label=\"4 de 7\"><a data-elementor-open-lightbox=\"yes\" data-elementor-lightbox-slideshow=\"16dcc5d3\" data-elementor-lightbox-title=\"dagnje-na-buzaru-centaurus\" data-e-action-hash=\"#elementor-action%3Aaction%3Dlightbox%26settings%3DeyJpZCI6NTg3MCwidXJsIjoiaHR0cHM6XC9cL3d3dy5jZW50YXVydXMuaHJcL3dwLWNvbnRlbnRcL3VwbG9hZHNcLzIwMjBcLzA3XC9kYWduamUtbmEtYnV6YXJ1LWNlbnRhdXJ1cy5qcGciLCJzbGlkZXNob3ciOiIxNmRjYzVkMyJ9\" href=\"https:\/\/www.centaurus.hr\/wp-content\/uploads\/2020\/07\/dagnje-na-buzaru-centaurus.jpg\"><figure class=\"swiper-slide-inner\"><img decoding=\"async\" class=\"swiper-slide-image\" src=\"https:\/\/www.centaurus.hr\/wp-content\/uploads\/2020\/07\/dagnje-na-buzaru-centaurus.jpg\" alt=\"dagnje-na-buzaru-centaurus\" \/><\/figure><\/a><\/div><div class=\"swiper-slide\" role=\"group\" aria-roledescription=\"slide\" aria-label=\"5 de 7\"><a data-elementor-open-lightbox=\"yes\" data-elementor-lightbox-slideshow=\"16dcc5d3\" data-elementor-lightbox-title=\"dagnje-centaurus\" data-e-action-hash=\"#elementor-action%3Aaction%3Dlightbox%26settings%3DeyJpZCI6NTg2OSwidXJsIjoiaHR0cHM6XC9cL3d3dy5jZW50YXVydXMuaHJcL3dwLWNvbnRlbnRcL3VwbG9hZHNcLzIwMjBcLzA3XC9kYWduamUtY2VudGF1cnVzLmpwZyIsInNsaWRlc2hvdyI6IjE2ZGNjNWQzIn0%3D\" href=\"https:\/\/www.centaurus.hr\/wp-content\/uploads\/2020\/07\/dagnje-centaurus.jpg\"><figure class=\"swiper-slide-inner\"><img decoding=\"async\" class=\"swiper-slide-image\" src=\"https:\/\/www.centaurus.hr\/wp-content\/uploads\/2020\/07\/dagnje-centaurus.jpg\" alt=\"dagnje-centaurus\" \/><\/figure><\/a><\/div><div class=\"swiper-slide\" role=\"group\" aria-roledescription=\"slide\" aria-label=\"6 de 7\"><a data-elementor-open-lightbox=\"yes\" data-elementor-lightbox-slideshow=\"16dcc5d3\" data-elementor-lightbox-title=\"Centaurus dagnja\" data-e-action-hash=\"#elementor-action%3Aaction%3Dlightbox%26settings%3DeyJpZCI6NTQ5NiwidXJsIjoiaHR0cHM6XC9cL3d3dy5jZW50YXVydXMuaHJcL3dwLWNvbnRlbnRcL3VwbG9hZHNcLzIwMjBcLzA3XC9jZW50YXVydXMtZGFnbmphLTIuanBnIiwic2xpZGVzaG93IjoiMTZkY2M1ZDMifQ%3D%3D\" href=\"https:\/\/www.centaurus.hr\/wp-content\/uploads\/2020\/07\/centaurus-dagnja-2.jpg\"><figure class=\"swiper-slide-inner\"><img decoding=\"async\" class=\"swiper-slide-image\" src=\"https:\/\/www.centaurus.hr\/wp-content\/uploads\/2020\/07\/centaurus-dagnja-2.jpg\" alt=\"Centaurus - svje\u017ea i smrznuta riba - dagnja\" \/><\/figure><\/a><\/div><div class=\"swiper-slide\" role=\"group\" aria-roledescription=\"slide\" aria-label=\"7 de 7\"><a data-elementor-open-lightbox=\"yes\" data-elementor-lightbox-slideshow=\"16dcc5d3\" data-elementor-lightbox-title=\"Centaurus dagnja\" data-e-action-hash=\"#elementor-action%3Aaction%3Dlightbox%26settings%3DeyJpZCI6NTQ5NywidXJsIjoiaHR0cHM6XC9cL3d3dy5jZW50YXVydXMuaHJcL3dwLWNvbnRlbnRcL3VwbG9hZHNcLzIwMjBcLzA3XC9jZW50YXVydXMtZGFnbmphLTMuanBnIiwic2xpZGVzaG93IjoiMTZkY2M1ZDMifQ%3D%3D\" href=\"https:\/\/www.centaurus.hr\/wp-content\/uploads\/2020\/07\/centaurus-dagnja-3.jpg\"><figure class=\"swiper-slide-inner\"><img decoding=\"async\" class=\"swiper-slide-image\" src=\"https:\/\/www.centaurus.hr\/wp-content\/uploads\/2020\/07\/centaurus-dagnja-3.jpg\" alt=\"Centaurus - svje\u017ea i smrznuta riba - dagnja\" \/><\/figure><\/a><\/div>\t\t\t<\/div>\n\t\t\t\t\t\t\t\n\t\t\t\t\t\t\t\t\t<\/div>\n\t\t\t\t\t\t<\/div>\n\t\t\t\t<\/div>\n\t\t\t\t\t<\/div>\n\t\t<\/div>\n\t\t\t\t\t<\/div>\n\t\t<\/section>\n\t\t\t\t<section class=\"elementor-section elementor-top-section elementor-element elementor-element-1b103ddb elementor-section-height-min-height elementor-section-boxed elementor-section-height-default elementor-section-items-middle\" data-id=\"1b103ddb\" data-element_type=\"section\" data-settings=\"{&quot;background_background&quot;:&quot;classic&quot;}\">\n\t\t\t\t\t\t\t<div class=\"elementor-background-overlay\"><\/div>\n\t\t\t\t\t\t\t<div class=\"elementor-container elementor-column-gap-default\">\n\t\t\t\t\t<div class=\"elementor-column elementor-col-33 elementor-top-column elementor-element elementor-element-ca51948\" data-id=\"ca51948\" data-element_type=\"column\">\n\t\t\t<div class=\"elementor-widget-wrap\">\n\t\t\t\t\t\t\t<\/div>\n\t\t<\/div>\n\t\t\t\t<div class=\"elementor-column elementor-col-33 elementor-top-column elementor-element elementor-element-10b6fdfe\" data-id=\"10b6fdfe\" data-element_type=\"column\">\n\t\t\t<div class=\"elementor-widget-wrap elementor-element-populated\">\n\t\t\t\t\t\t<div class=\"elementor-element elementor-element-56df5caf elementor-widget elementor-widget-heading\" data-id=\"56df5caf\" data-element_type=\"widget\" data-widget_type=\"heading.default\">\n\t\t\t\t<div class=\"elementor-widget-container\">\n\t\t\t\t\t<h2 class=\"elementor-heading-title elementor-size-default\">Rizetta<\/h2>\t\t\t\t<\/div>\n\t\t\t\t<\/div>\n\t\t\t\t<div class=\"elementor-element elementor-element-1cdceff3 elementor-widget elementor-widget-heading\" data-id=\"1cdceff3\" data-element_type=\"widget\" data-widget_type=\"heading.default\">\n\t\t\t\t<div class=\"elementor-widget-container\">\n\t\t\t\t\t<h2 class=\"elementor-heading-title elementor-size-default\">PER Mejillones<\/h2>\t\t\t\t<\/div>\n\t\t\t\t<\/div>\n\t\t\t\t\t<\/div>\n\t\t<\/div>\n\t\t\t\t<div class=\"elementor-column elementor-col-33 elementor-top-column elementor-element elementor-element-fee10c1\" data-id=\"fee10c1\" data-element_type=\"column\">\n\t\t\t<div class=\"elementor-widget-wrap elementor-element-populated\">\n\t\t\t\t\t\t<div class=\"elementor-element elementor-element-62d83491 elementor-view-default elementor-widget elementor-widget-icon\" data-id=\"62d83491\" data-element_type=\"widget\" data-widget_type=\"icon.default\">\n\t\t\t\t<div class=\"elementor-widget-container\">\n\t\t\t\t\t\t\t<div class=\"elementor-icon-wrapper\">\n\t\t\t<a class=\"elementor-icon elementor-animation-grow\" href=\"#elementor-action%3Aaction%3Dlightbox%26settings%3DeyJ0eXBlIjoidmlkZW8iLCJ2aWRlb1R5cGUiOiJ2aW1lbyIsInVybCI6Imh0dHBzOlwvXC9wbGF5ZXIudmltZW8uY29tXC92aWRlb1wvNDU1NzEwNTYxI3Q9In0%3D\">\n\t\t\t<i aria-hidden=\"true\" class=\"far fa-play-circle\"><\/i>\t\t\t<\/a>\n\t\t<\/div>\n\t\t\t\t\t\t<\/div>\n\t\t\t\t<\/div>\n\t\t\t\t\t<\/div>\n\t\t<\/div>\n\t\t\t\t\t<\/div>\n\t\t<\/section>\n\t\t\t\t<\/div>\n\t\t","protected":false},"excerpt":{"rendered":"<p>Mejillones lat. Mytilus galloprovincialis Mejillones Los mejillones son formados por dos valvas completamente id\u00e9nticas, de forma alargada, de color negro-azul en el exterior y de color n\u00e1car en el interior, unidas fuertemente por un ligamento el\u00e1stico de 6 a 8 cm, dentro de las que se encuentra el tejido blando. Viven en grupos en las [&hellip;]<\/p>\n","protected":false},"author":9,"featured_media":0,"parent":0,"menu_order":0,"comment_status":"closed","ping_status":"closed","template":"","meta":{"site-sidebar-layout":"no-sidebar","site-content-layout":"page-builder","ast-site-content-layout":"default","site-content-style":"default","site-sidebar-style":"default","ast-global-header-display":"","ast-banner-title-visibility":"","ast-main-header-display":"","ast-hfb-above-header-display":"","ast-hfb-below-header-display":"","ast-hfb-mobile-header-display":"","site-post-title":"disabled","ast-breadcrumbs-content":"","ast-featured-img":"disabled","footer-sml-layout":"","ast-disable-related-posts":"","theme-transparent-header-meta":"","adv-header-id-meta":"","stick-header-meta":"default","header-above-stick-meta":"","header-main-stick-meta":"","header-below-stick-meta":"","astra-migrate-meta-layouts":"default","ast-page-background-enabled":"default","ast-page-background-meta":{"desktop":{"background-color":"","background-image":"","background-repeat":"repeat","background-position":"center center","background-size":"auto","background-attachment":"scroll","background-type":"","background-media":"","overlay-type":"","overlay-color":"","overlay-opacity":"","overlay-gradient":""},"tablet":{"background-color":"","background-image":"","background-repeat":"repeat","background-position":"center center","background-size":"auto","background-attachment":"scroll","background-type":"","background-media":"","overlay-type":"","overlay-color":"","overlay-opacity":"","overlay-gradient":""},"mobile":{"background-color":"","background-image":"","background-repeat":"repeat","background-position":"center center","background-size":"auto","background-attachment":"scroll","background-type":"","background-media":"","overlay-type":"","overlay-color":"","overlay-opacity":"","overlay-gradient":""}},"ast-content-background-meta":{"desktop":{"background-color":"var(--ast-global-color-5)","background-image":"","background-repeat":"repeat","background-position":"center center","background-size":"auto","background-attachment":"scroll","background-type":"","background-media":"","overlay-type":"","overlay-color":"","overlay-opacity":"","overlay-gradient":""},"tablet":{"background-color":"var(--ast-global-color-5)","background-image":"","background-repeat":"repeat","background-position":"center center","background-size":"auto","background-attachment":"scroll","background-type":"","background-media":"","overlay-type":"","overlay-color":"","overlay-opacity":"","overlay-gradient":""},"mobile":{"background-color":"var(--ast-global-color-5)","background-image":"","background-repeat":"repeat","background-position":"center center","background-size":"auto","background-attachment":"scroll","background-type":"","background-media":"","overlay-type":"","overlay-color":"","overlay-opacity":"","overlay-gradient":""}},"footnotes":""},"class_list":["post-9017","page","type-page","status-publish","hentry"],"aioseo_notices":[],"_links":{"self":[{"href":"https:\/\/www.centaurus.hr\/es\/wp-json\/wp\/v2\/pages\/9017","targetHints":{"allow":["GET"]}}],"collection":[{"href":"https:\/\/www.centaurus.hr\/es\/wp-json\/wp\/v2\/pages"}],"about":[{"href":"https:\/\/www.centaurus.hr\/es\/wp-json\/wp\/v2\/types\/page"}],"author":[{"embeddable":true,"href":"https:\/\/www.centaurus.hr\/es\/wp-json\/wp\/v2\/users\/9"}],"replies":[{"embeddable":true,"href":"https:\/\/www.centaurus.hr\/es\/wp-json\/wp\/v2\/comments?post=9017"}],"version-history":[{"count":0,"href":"https:\/\/www.centaurus.hr\/es\/wp-json\/wp\/v2\/pages\/9017\/revisions"}],"wp:attachment":[{"href":"https:\/\/www.centaurus.hr\/es\/wp-json\/wp\/v2\/media?parent=9017"}],"curies":[{"name":"wp","href":"https:\/\/api.w.org\/{rel}","templated":true}]}}