{"id":9466,"date":"2020-11-26T08:56:49","date_gmt":"2020-11-26T08:56:49","guid":{"rendered":"http:\/\/www.centaurus.hr\/?page_id=9466"},"modified":"2020-11-26T08:57:52","modified_gmt":"2020-11-26T08:57:52","slug":"petersfisch","status":"publish","type":"page","link":"https:\/\/www.centaurus.hr\/de\/petersfisch\/","title":{"rendered":"Petersfisch"},"content":{"rendered":"\t\t<div data-elementor-type=\"wp-page\" data-elementor-id=\"9466\" class=\"elementor elementor-9466 elementor-6400\" data-elementor-post-type=\"page\">\n\t\t\t\t\t\t<section class=\"elementor-section elementor-top-section elementor-element elementor-element-2624f041 elementor-section-stretched elementor-section-content-middle elementor-section-height-min-height elementor-section-boxed elementor-section-height-default elementor-section-items-middle\" data-id=\"2624f041\" data-element_type=\"section\" data-settings=\"{&quot;stretch_section&quot;:&quot;section-stretched&quot;,&quot;background_background&quot;:&quot;classic&quot;,&quot;shape_divider_bottom&quot;:&quot;mountains&quot;}\">\n\t\t\t\t\t\t\t<div class=\"elementor-background-overlay\"><\/div>\n\t\t\t\t\t\t<div class=\"elementor-shape elementor-shape-bottom\" aria-hidden=\"true\" data-negative=\"false\">\n\t\t\t<svg xmlns=\"http:\/\/www.w3.org\/2000\/svg\" viewBox=\"0 0 1000 100\" preserveAspectRatio=\"none\">\n\t<path class=\"elementor-shape-fill\" opacity=\"0.33\" d=\"M473,67.3c-203.9,88.3-263.1-34-320.3,0C66,119.1,0,59.7,0,59.7V0h1000v59.7 c0,0-62.1,26.1-94.9,29.3c-32.8,3.3-62.8-12.3-75.8-22.1C806,49.6,745.3,8.7,694.9,4.7S492.4,59,473,67.3z\"\/>\n\t<path class=\"elementor-shape-fill\" opacity=\"0.66\" d=\"M734,67.3c-45.5,0-77.2-23.2-129.1-39.1c-28.6-8.7-150.3-10.1-254,39.1 s-91.7-34.4-149.2,0C115.7,118.3,0,39.8,0,39.8V0h1000v36.5c0,0-28.2-18.5-92.1-18.5C810.2,18.1,775.7,67.3,734,67.3z\"\/>\n\t<path class=\"elementor-shape-fill\" d=\"M766.1,28.9c-200-57.5-266,65.5-395.1,19.5C242,1.8,242,5.4,184.8,20.6C128,35.8,132.3,44.9,89.9,52.5C28.6,63.7,0,0,0,0 h1000c0,0-9.9,40.9-83.6,48.1S829.6,47,766.1,28.9z\"\/>\n<\/svg>\t\t<\/div>\n\t\t\t\t\t<div class=\"elementor-container elementor-column-gap-default\">\n\t\t\t\t\t<div class=\"elementor-column elementor-col-50 elementor-top-column elementor-element elementor-element-4f48d542\" data-id=\"4f48d542\" data-element_type=\"column\">\n\t\t\t<div class=\"elementor-widget-wrap elementor-element-populated\">\n\t\t\t\t\t\t<div class=\"elementor-element elementor-element-5a9a544f elementor-widget elementor-widget-image\" data-id=\"5a9a544f\" data-element_type=\"widget\" data-widget_type=\"image.default\">\n\t\t\t\t<div class=\"elementor-widget-container\">\n\t\t\t\t\t\t\t\t\t\t\t\t\t\t\t<img fetchpriority=\"high\" decoding=\"async\" width=\"700\" height=\"558\" src=\"https:\/\/www.centaurus.hr\/wp-content\/uploads\/2020\/08\/sampjer.png\" class=\"attachment-full size-full wp-image-9469\" alt=\"\" srcset=\"https:\/\/www.centaurus.hr\/wp-content\/uploads\/2020\/08\/sampjer.png 700w, https:\/\/www.centaurus.hr\/wp-content\/uploads\/2020\/08\/sampjer-300x239.png 300w, https:\/\/www.centaurus.hr\/wp-content\/uploads\/2020\/08\/sampjer-600x478.png 600w\" sizes=\"(max-width: 700px) 100vw, 700px\" \/>\t\t\t\t\t\t\t\t\t\t\t\t\t\t\t<\/div>\n\t\t\t\t<\/div>\n\t\t\t\t\t<\/div>\n\t\t<\/div>\n\t\t\t\t<div class=\"elementor-column elementor-col-50 elementor-top-column elementor-element elementor-element-2e3df155\" data-id=\"2e3df155\" data-element_type=\"column\">\n\t\t\t<div class=\"elementor-widget-wrap elementor-element-populated\">\n\t\t\t\t\t\t<div class=\"elementor-element elementor-element-1484554c elementor-widget elementor-widget-heading\" data-id=\"1484554c\" data-element_type=\"widget\" data-widget_type=\"heading.default\">\n\t\t\t\t<div class=\"elementor-widget-container\">\n\t\t\t\t\t<h2 class=\"elementor-heading-title elementor-size-default\">Petersfisch<\/h2>\t\t\t\t<\/div>\n\t\t\t\t<\/div>\n\t\t\t\t<div class=\"elementor-element elementor-element-5973d786 elementor-widget elementor-widget-heading\" data-id=\"5973d786\" data-element_type=\"widget\" data-widget_type=\"heading.default\">\n\t\t\t\t<div class=\"elementor-widget-container\">\n\t\t\t\t\t<h2 class=\"elementor-heading-title elementor-size-default\">lat. Zeus faber<\/h2>\t\t\t\t<\/div>\n\t\t\t\t<\/div>\n\t\t\t\t\t<\/div>\n\t\t<\/div>\n\t\t\t\t\t<\/div>\n\t\t<\/section>\n\t\t\t\t<section class=\"elementor-section elementor-top-section elementor-element elementor-element-4dfa945 elementor-section-stretched elementor-section-content-middle elementor-section-boxed elementor-section-height-default elementor-section-height-default\" data-id=\"4dfa945\" data-element_type=\"section\" data-settings=\"{&quot;background_background&quot;:&quot;gradient&quot;,&quot;stretch_section&quot;:&quot;section-stretched&quot;,&quot;shape_divider_bottom&quot;:&quot;mountains&quot;}\">\n\t\t\t\t\t\t\t<div class=\"elementor-background-overlay\"><\/div>\n\t\t\t\t\t\t<div class=\"elementor-shape elementor-shape-bottom\" aria-hidden=\"true\" data-negative=\"false\">\n\t\t\t<svg xmlns=\"http:\/\/www.w3.org\/2000\/svg\" viewBox=\"0 0 1000 100\" preserveAspectRatio=\"none\">\n\t<path class=\"elementor-shape-fill\" opacity=\"0.33\" d=\"M473,67.3c-203.9,88.3-263.1-34-320.3,0C66,119.1,0,59.7,0,59.7V0h1000v59.7 c0,0-62.1,26.1-94.9,29.3c-32.8,3.3-62.8-12.3-75.8-22.1C806,49.6,745.3,8.7,694.9,4.7S492.4,59,473,67.3z\"\/>\n\t<path class=\"elementor-shape-fill\" opacity=\"0.66\" d=\"M734,67.3c-45.5,0-77.2-23.2-129.1-39.1c-28.6-8.7-150.3-10.1-254,39.1 s-91.7-34.4-149.2,0C115.7,118.3,0,39.8,0,39.8V0h1000v36.5c0,0-28.2-18.5-92.1-18.5C810.2,18.1,775.7,67.3,734,67.3z\"\/>\n\t<path class=\"elementor-shape-fill\" d=\"M766.1,28.9c-200-57.5-266,65.5-395.1,19.5C242,1.8,242,5.4,184.8,20.6C128,35.8,132.3,44.9,89.9,52.5C28.6,63.7,0,0,0,0 h1000c0,0-9.9,40.9-83.6,48.1S829.6,47,766.1,28.9z\"\/>\n<\/svg>\t\t<\/div>\n\t\t\t\t\t<div class=\"elementor-container elementor-column-gap-default\">\n\t\t\t\t\t<div class=\"elementor-column elementor-col-50 elementor-top-column elementor-element elementor-element-66dbf7\" data-id=\"66dbf7\" data-element_type=\"column\">\n\t\t\t<div class=\"elementor-widget-wrap elementor-element-populated\">\n\t\t\t\t\t\t<div class=\"elementor-element elementor-element-7c733c5f elementor-hidden-phone elementor-widget elementor-widget-heading\" data-id=\"7c733c5f\" data-element_type=\"widget\" data-widget_type=\"heading.default\">\n\t\t\t\t<div class=\"elementor-widget-container\">\n\t\t\t\t\t<h2 class=\"elementor-heading-title elementor-size-default\">Petersfisch<\/h2>\t\t\t\t<\/div>\n\t\t\t\t<\/div>\n\t\t\t\t<div class=\"elementor-element elementor-element-692d85dd elementor-widget elementor-widget-text-editor\" data-id=\"692d85dd\" data-element_type=\"widget\" data-widget_type=\"text-editor.default\">\n\t\t\t\t<div class=\"elementor-widget-container\">\n\t\t\t\t\t\t\t\t\t<p>Sein K\u00f6rper ist bedeckt mit winzigen scharfen Schuppen und die erste R\u00fcckenflosse ist ungew\u00f6hnlich lang und besteht aus 10 Stacheln. Meistens hat er eine gr\u00fcne bzw. olivenfarbige Farbe, obwohl er manchmal auch goldgelb sein kann. Sein Bauch ist silberwei\u00df. An beiden Seiten hat er einen charakteristischen schwarzen Punkt, nach dem er auch die meisten seiner Namen erhalten hat.<\/p><p>Er w\u00e4chst bis zu 90 cm lang und bis zu 8 kg schwer und es wurde ein H\u00f6chstalter von 12 Jahren vermerkt. Meistens lebt er in Tiefen zwischen 50 und 100 Metern und er ist auch in Tiefen von einigen hundert Metern aufzutreffen. Er ist kein besonderer Schwimmer, schwimmt haupts\u00e4chlich langsam und gelassen und lebt \u00fcberwiegend nahe am Meeresgrund auf allen Gel\u00e4ndearten. Er ern\u00e4hrt sich meist von kleineren Fischen und Jungfischen welche er sich anschleichend f\u00e4ngt, indem er seinen klappbaren Mund auszieht (da er kein besonderer Schwimmer ist). Neben Fisch ern\u00e4hrt er sich auch von Krebstieren und Kopff\u00fc\u00dfern. Er laicht Ende Winter und Anfang Fr\u00fchjahr und die Eier sind pelagisch.<\/p><p>Es gibt viele Legenden zum Ursprung des Namens dieses Fisches. Eine von ihnen lautet, dass der Heilige Petrus Apostel beim Fischfang war und da er keinerlei Werkzeug hatte, tat er dies mit seinen H\u00e4nden. Er hat den Fisch gefangen und an den Stellen, wo er ihn mit den Fingern ber\u00fchrt hatte, blieben schwarze Flecken. Daher bekam dieser Fisch den Namen Petersfisch und auch die italianisierte Version <em>\u0161anpjer<\/em>.<\/p>\t\t\t\t\t\t\t\t<\/div>\n\t\t\t\t<\/div>\n\t\t\t\t\t<\/div>\n\t\t<\/div>\n\t\t\t\t<div class=\"elementor-column elementor-col-50 elementor-top-column elementor-element elementor-element-1a1f3208\" data-id=\"1a1f3208\" data-element_type=\"column\">\n\t\t\t<div class=\"elementor-widget-wrap elementor-element-populated\">\n\t\t\t\t\t\t<div class=\"elementor-element elementor-element-5d8b229f elementor-widget elementor-widget-text-editor\" data-id=\"5d8b229f\" data-element_type=\"widget\" data-widget_type=\"text-editor.default\">\n\t\t\t\t<div class=\"elementor-widget-container\">\n\t\t\t\t\t\t\t\t\t<p><strong>Brennwert und N\u00e4hrwert<\/strong><\/p><p>Der Brennwert von 100 g frischem Petersfisch betr\u00e4gt 82 kcal \/ 341,4 kJ, davon 16,1 g Proteine und 1,9 g Fette enthaltend. Frischer Petersfisch enth\u00e4lt an Mineralstoffen Kalium (151 mg), Magnesium (42,10 mg), Selen (24 \u03bcg), Kalzium (33,60 mg), Eisen (0,96 mg), Jod (16,10 mg). An Vitaminen enth\u00e4lt frischer Petersfisch Vitamin B-Komplexe, Thiamin (0,08 mg), Riboflavin (0,1 mg), Niacin (6,30 mg), Vitamin B6 (0,38 mg), Vitamin B9 (11,20 \u03bcg), Vitamin B12 (1,10 \u03bcg), Vitamin D (1 \u03bcg).<\/p><p>Der Petersfisch ist ein sehr gesch\u00e4tzter Fisch aufgrund seinem hohen Gehalt an hochwertigen Proteinen und geringen Fettgehalt, weswegen er eine geeignete Nahrung f\u00fcr Sportler, f\u00fcr Personen, die ihr Gewicht senken m\u00f6chten, sowie f\u00fcr das allgemeine Volk ist. Er enth\u00e4lt viele Vitamine und Mineralstoffe, die f\u00fcr eine angemessene Funktionsf\u00e4higkeit des Organismus wichtig sind. Einige davon sind Vitamin B12, Selen und Jod. Das Fleisch des Petersfisches enth\u00e4lt einfach unges\u00e4ttigte und mehrfach unges\u00e4ttigte Fetts\u00e4uren, von denen vor allem EPA und DHA zu nennen sind.<\/p>\t\t\t\t\t\t\t\t<\/div>\n\t\t\t\t<\/div>\n\t\t\t\t\t<\/div>\n\t\t<\/div>\n\t\t\t\t\t<\/div>\n\t\t<\/section>\n\t\t\t\t<section class=\"elementor-section elementor-top-section elementor-element elementor-element-6b2185c4 elementor-section-content-middle elementor-section-boxed elementor-section-height-default elementor-section-height-default\" data-id=\"6b2185c4\" data-element_type=\"section\" data-settings=\"{&quot;background_background&quot;:&quot;classic&quot;}\">\n\t\t\t\t\t\t<div class=\"elementor-container elementor-column-gap-default\">\n\t\t\t\t\t<div class=\"elementor-column elementor-col-100 elementor-top-column elementor-element elementor-element-70366602\" data-id=\"70366602\" data-element_type=\"column\">\n\t\t\t<div class=\"elementor-widget-wrap elementor-element-populated\">\n\t\t\t\t\t\t<div class=\"elementor-element elementor-element-68f7366a elementor-widget elementor-widget-image-carousel\" data-id=\"68f7366a\" data-element_type=\"widget\" data-settings=\"{&quot;slides_to_show&quot;:&quot;4&quot;,&quot;navigation&quot;:&quot;none&quot;,&quot;image_spacing_custom&quot;:{&quot;unit&quot;:&quot;px&quot;,&quot;size&quot;:12,&quot;sizes&quot;:[]},&quot;autoplay&quot;:&quot;yes&quot;,&quot;pause_on_hover&quot;:&quot;yes&quot;,&quot;pause_on_interaction&quot;:&quot;yes&quot;,&quot;autoplay_speed&quot;:5000,&quot;infinite&quot;:&quot;yes&quot;,&quot;speed&quot;:500,&quot;image_spacing_custom_tablet&quot;:{&quot;unit&quot;:&quot;px&quot;,&quot;size&quot;:&quot;&quot;,&quot;sizes&quot;:[]},&quot;image_spacing_custom_mobile&quot;:{&quot;unit&quot;:&quot;px&quot;,&quot;size&quot;:&quot;&quot;,&quot;sizes&quot;:[]}}\" data-widget_type=\"image-carousel.default\">\n\t\t\t\t<div class=\"elementor-widget-container\">\n\t\t\t\t\t\t\t<div class=\"elementor-image-carousel-wrapper swiper\" role=\"region\" aria-roledescription=\"carousel\" aria-label=\"Bild Karussell\" dir=\"ltr\">\n\t\t\t<div class=\"elementor-image-carousel swiper-wrapper\" aria-live=\"off\">\n\t\t\t\t\t\t\t\t<div class=\"swiper-slide\" role=\"group\" aria-roledescription=\"slide\" aria-label=\"1 von 8\"><a data-elementor-open-lightbox=\"yes\" data-elementor-lightbox-slideshow=\"68f7366a\" data-elementor-lightbox-title=\"Sampjer-8\" data-e-action-hash=\"#elementor-action%3Aaction%3Dlightbox%26settings%3DeyJpZCI6OTQ3MCwidXJsIjoiaHR0cHM6XC9cL3d3dy5jZW50YXVydXMuaHJcL3dwLWNvbnRlbnRcL3VwbG9hZHNcLzIwMjBcLzA4XC9TYW1wamVyLTguanBnIiwic2xpZGVzaG93IjoiNjhmNzM2NmEifQ%3D%3D\" href=\"https:\/\/www.centaurus.hr\/wp-content\/uploads\/2020\/08\/Sampjer-8.jpg\"><figure class=\"swiper-slide-inner\"><img decoding=\"async\" class=\"swiper-slide-image\" src=\"https:\/\/www.centaurus.hr\/wp-content\/uploads\/2020\/08\/Sampjer-8.jpg\" alt=\"Sampjer-8\" \/><\/figure><\/a><\/div><div class=\"swiper-slide\" role=\"group\" aria-roledescription=\"slide\" aria-label=\"2 von 8\"><a data-elementor-open-lightbox=\"yes\" data-elementor-lightbox-slideshow=\"68f7366a\" data-elementor-lightbox-title=\"Sampjer-7\" data-e-action-hash=\"#elementor-action%3Aaction%3Dlightbox%26settings%3DeyJpZCI6OTQ3MSwidXJsIjoiaHR0cHM6XC9cL3d3dy5jZW50YXVydXMuaHJcL3dwLWNvbnRlbnRcL3VwbG9hZHNcLzIwMjBcLzA4XC9TYW1wamVyLTcuanBnIiwic2xpZGVzaG93IjoiNjhmNzM2NmEifQ%3D%3D\" href=\"https:\/\/www.centaurus.hr\/wp-content\/uploads\/2020\/08\/Sampjer-7.jpg\"><figure class=\"swiper-slide-inner\"><img decoding=\"async\" class=\"swiper-slide-image\" src=\"https:\/\/www.centaurus.hr\/wp-content\/uploads\/2020\/08\/Sampjer-7.jpg\" alt=\"Sampjer-7\" \/><\/figure><\/a><\/div><div class=\"swiper-slide\" role=\"group\" aria-roledescription=\"slide\" aria-label=\"3 von 8\"><a data-elementor-open-lightbox=\"yes\" data-elementor-lightbox-slideshow=\"68f7366a\" data-elementor-lightbox-title=\"Sampjer-6\" data-e-action-hash=\"#elementor-action%3Aaction%3Dlightbox%26settings%3DeyJpZCI6OTQ3MiwidXJsIjoiaHR0cHM6XC9cL3d3dy5jZW50YXVydXMuaHJcL3dwLWNvbnRlbnRcL3VwbG9hZHNcLzIwMjBcLzA4XC9TYW1wamVyLTYuanBnIiwic2xpZGVzaG93IjoiNjhmNzM2NmEifQ%3D%3D\" href=\"https:\/\/www.centaurus.hr\/wp-content\/uploads\/2020\/08\/Sampjer-6.jpg\"><figure class=\"swiper-slide-inner\"><img decoding=\"async\" class=\"swiper-slide-image\" src=\"https:\/\/www.centaurus.hr\/wp-content\/uploads\/2020\/08\/Sampjer-6.jpg\" alt=\"Sampjer-6\" \/><\/figure><\/a><\/div><div class=\"swiper-slide\" role=\"group\" aria-roledescription=\"slide\" aria-label=\"4 von 8\"><a data-elementor-open-lightbox=\"yes\" data-elementor-lightbox-slideshow=\"68f7366a\" data-elementor-lightbox-title=\"Sampjer-5\" data-e-action-hash=\"#elementor-action%3Aaction%3Dlightbox%26settings%3DeyJpZCI6OTQ3MywidXJsIjoiaHR0cHM6XC9cL3d3dy5jZW50YXVydXMuaHJcL3dwLWNvbnRlbnRcL3VwbG9hZHNcLzIwMjBcLzA4XC9TYW1wamVyLTUuanBnIiwic2xpZGVzaG93IjoiNjhmNzM2NmEifQ%3D%3D\" href=\"https:\/\/www.centaurus.hr\/wp-content\/uploads\/2020\/08\/Sampjer-5.jpg\"><figure class=\"swiper-slide-inner\"><img decoding=\"async\" class=\"swiper-slide-image\" src=\"https:\/\/www.centaurus.hr\/wp-content\/uploads\/2020\/08\/Sampjer-5.jpg\" alt=\"Sampjer-5\" \/><\/figure><\/a><\/div><div class=\"swiper-slide\" role=\"group\" aria-roledescription=\"slide\" aria-label=\"5 von 8\"><a data-elementor-open-lightbox=\"yes\" data-elementor-lightbox-slideshow=\"68f7366a\" data-elementor-lightbox-title=\"Sampjer-4\" data-e-action-hash=\"#elementor-action%3Aaction%3Dlightbox%26settings%3DeyJpZCI6OTQ3NCwidXJsIjoiaHR0cHM6XC9cL3d3dy5jZW50YXVydXMuaHJcL3dwLWNvbnRlbnRcL3VwbG9hZHNcLzIwMjBcLzA4XC9TYW1wamVyLTQuanBnIiwic2xpZGVzaG93IjoiNjhmNzM2NmEifQ%3D%3D\" href=\"https:\/\/www.centaurus.hr\/wp-content\/uploads\/2020\/08\/Sampjer-4.jpg\"><figure class=\"swiper-slide-inner\"><img decoding=\"async\" class=\"swiper-slide-image\" src=\"https:\/\/www.centaurus.hr\/wp-content\/uploads\/2020\/08\/Sampjer-4.jpg\" alt=\"Sampjer-4\" \/><\/figure><\/a><\/div><div class=\"swiper-slide\" role=\"group\" aria-roledescription=\"slide\" aria-label=\"6 von 8\"><a data-elementor-open-lightbox=\"yes\" data-elementor-lightbox-slideshow=\"68f7366a\" data-elementor-lightbox-title=\"Sampjer-3\" data-e-action-hash=\"#elementor-action%3Aaction%3Dlightbox%26settings%3DeyJpZCI6OTQ3NSwidXJsIjoiaHR0cHM6XC9cL3d3dy5jZW50YXVydXMuaHJcL3dwLWNvbnRlbnRcL3VwbG9hZHNcLzIwMjBcLzA4XC9TYW1wamVyLTMuanBnIiwic2xpZGVzaG93IjoiNjhmNzM2NmEifQ%3D%3D\" href=\"https:\/\/www.centaurus.hr\/wp-content\/uploads\/2020\/08\/Sampjer-3.jpg\"><figure class=\"swiper-slide-inner\"><img decoding=\"async\" class=\"swiper-slide-image\" src=\"https:\/\/www.centaurus.hr\/wp-content\/uploads\/2020\/08\/Sampjer-3.jpg\" alt=\"Sampjer-3\" \/><\/figure><\/a><\/div><div class=\"swiper-slide\" role=\"group\" aria-roledescription=\"slide\" aria-label=\"7 von 8\"><a data-elementor-open-lightbox=\"yes\" data-elementor-lightbox-slideshow=\"68f7366a\" data-elementor-lightbox-title=\"Sampjer-2-2\" data-e-action-hash=\"#elementor-action%3Aaction%3Dlightbox%26settings%3DeyJpZCI6NjY5OCwidXJsIjoiaHR0cHM6XC9cL3d3dy5jZW50YXVydXMuaHJcL3dwLWNvbnRlbnRcL3VwbG9hZHNcLzIwMjBcLzA5XC9TYW1wamVyLTItMi5qcGciLCJzbGlkZXNob3ciOiI2OGY3MzY2YSJ9\" href=\"https:\/\/www.centaurus.hr\/wp-content\/uploads\/2020\/09\/Sampjer-2-2.jpg\"><figure class=\"swiper-slide-inner\"><img decoding=\"async\" class=\"swiper-slide-image\" src=\"https:\/\/www.centaurus.hr\/wp-content\/uploads\/2020\/09\/Sampjer-2-2.jpg\" alt=\"Sampjer-2-2\" \/><\/figure><\/a><\/div><div class=\"swiper-slide\" role=\"group\" aria-roledescription=\"slide\" aria-label=\"8 von 8\"><a data-elementor-open-lightbox=\"yes\" data-elementor-lightbox-slideshow=\"68f7366a\" data-elementor-lightbox-title=\"Sampjer-1\" data-e-action-hash=\"#elementor-action%3Aaction%3Dlightbox%26settings%3DeyJpZCI6OTQ3NywidXJsIjoiaHR0cHM6XC9cL3d3dy5jZW50YXVydXMuaHJcL3dwLWNvbnRlbnRcL3VwbG9hZHNcLzIwMjBcLzA4XC9TYW1wamVyLTEuanBnIiwic2xpZGVzaG93IjoiNjhmNzM2NmEifQ%3D%3D\" href=\"https:\/\/www.centaurus.hr\/wp-content\/uploads\/2020\/08\/Sampjer-1.jpg\"><figure class=\"swiper-slide-inner\"><img decoding=\"async\" class=\"swiper-slide-image\" src=\"https:\/\/www.centaurus.hr\/wp-content\/uploads\/2020\/08\/Sampjer-1.jpg\" alt=\"Sampjer-1\" \/><\/figure><\/a><\/div>\t\t\t<\/div>\n\t\t\t\t\t\t\t\n\t\t\t\t\t\t\t\t\t<\/div>\n\t\t\t\t\t\t<\/div>\n\t\t\t\t<\/div>\n\t\t\t\t\t<\/div>\n\t\t<\/div>\n\t\t\t\t\t<\/div>\n\t\t<\/section>\n\t\t\t\t<\/div>\n\t\t","protected":false},"excerpt":{"rendered":"<p>Petersfisch lat. Zeus faber Petersfisch Sein K\u00f6rper ist bedeckt mit winzigen scharfen Schuppen und die erste R\u00fcckenflosse ist ungew\u00f6hnlich lang und besteht aus 10 Stacheln. Meistens hat er eine gr\u00fcne bzw. olivenfarbige Farbe, obwohl er manchmal auch goldgelb sein kann. Sein Bauch ist silberwei\u00df. An beiden Seiten hat er einen charakteristischen schwarzen Punkt, nach dem [&hellip;]<\/p>\n","protected":false},"author":9,"featured_media":0,"parent":0,"menu_order":0,"comment_status":"closed","ping_status":"closed","template":"","meta":{"site-sidebar-layout":"no-sidebar","site-content-layout":"page-builder","ast-site-content-layout":"default","site-content-style":"default","site-sidebar-style":"default","ast-global-header-display":"","ast-banner-title-visibility":"","ast-main-header-display":"","ast-hfb-above-header-display":"","ast-hfb-below-header-display":"","ast-hfb-mobile-header-display":"","site-post-title":"disabled","ast-breadcrumbs-content":"","ast-featured-img":"disabled","footer-sml-layout":"","ast-disable-related-posts":"","theme-transparent-header-meta":"","adv-header-id-meta":"","stick-header-meta":"default","header-above-stick-meta":"","header-main-stick-meta":"","header-below-stick-meta":"","astra-migrate-meta-layouts":"default","ast-page-background-enabled":"default","ast-page-background-meta":{"desktop":{"background-color":"","background-image":"","background-repeat":"repeat","background-position":"center center","background-size":"auto","background-attachment":"scroll","background-type":"","background-media":"","overlay-type":"","overlay-color":"","overlay-opacity":"","overlay-gradient":""},"tablet":{"background-color":"","background-image":"","background-repeat":"repeat","background-position":"center center","background-size":"auto","background-attachment":"scroll","background-type":"","background-media":"","overlay-type":"","overlay-color":"","overlay-opacity":"","overlay-gradient":""},"mobile":{"background-color":"","background-image":"","background-repeat":"repeat","background-position":"center center","background-size":"auto","background-attachment":"scroll","background-type":"","background-media":"","overlay-type":"","overlay-color":"","overlay-opacity":"","overlay-gradient":""}},"ast-content-background-meta":{"desktop":{"background-color":"var(--ast-global-color-5)","background-image":"","background-repeat":"repeat","background-position":"center center","background-size":"auto","background-attachment":"scroll","background-type":"","background-media":"","overlay-type":"","overlay-color":"","overlay-opacity":"","overlay-gradient":""},"tablet":{"background-color":"var(--ast-global-color-5)","background-image":"","background-repeat":"repeat","background-position":"center center","background-size":"auto","background-attachment":"scroll","background-type":"","background-media":"","overlay-type":"","overlay-color":"","overlay-opacity":"","overlay-gradient":""},"mobile":{"background-color":"var(--ast-global-color-5)","background-image":"","background-repeat":"repeat","background-position":"center center","background-size":"auto","background-attachment":"scroll","background-type":"","background-media":"","overlay-type":"","overlay-color":"","overlay-opacity":"","overlay-gradient":""}},"footnotes":""},"class_list":["post-9466","page","type-page","status-publish","hentry"],"aioseo_notices":[],"_links":{"self":[{"href":"https:\/\/www.centaurus.hr\/de\/wp-json\/wp\/v2\/pages\/9466","targetHints":{"allow":["GET"]}}],"collection":[{"href":"https:\/\/www.centaurus.hr\/de\/wp-json\/wp\/v2\/pages"}],"about":[{"href":"https:\/\/www.centaurus.hr\/de\/wp-json\/wp\/v2\/types\/page"}],"author":[{"embeddable":true,"href":"https:\/\/www.centaurus.hr\/de\/wp-json\/wp\/v2\/users\/9"}],"replies":[{"embeddable":true,"href":"https:\/\/www.centaurus.hr\/de\/wp-json\/wp\/v2\/comments?post=9466"}],"version-history":[{"count":0,"href":"https:\/\/www.centaurus.hr\/de\/wp-json\/wp\/v2\/pages\/9466\/revisions"}],"wp:attachment":[{"href":"https:\/\/www.centaurus.hr\/de\/wp-json\/wp\/v2\/media?parent=9466"}],"curies":[{"name":"wp","href":"https:\/\/api.w.org\/{rel}","templated":true}]}}